{"id":5980,"date":"2020-04-24T14:33:04","date_gmt":"2020-04-24T12:33:04","guid":{"rendered":"https:\/\/demo.alfierirooms.com\/?page_id=5980"},"modified":"2020-04-27T14:25:09","modified_gmt":"2020-04-27T12:25:09","slug":"bodas-y-eventos","status":"publish","type":"page","link":"https:\/\/alfieri-immobiliare.com\/es\/bodas-y-eventos\/","title":{"rendered":"Bodas y Eventos"},"content":{"rendered":"<div class=\"wpb-content-wrapper\"><p>[vc_row][vc_column][vc_column_text]<\/p>\n<h1 style=\"text-align: center;\"><span style=\"color: #4088ab;\"><strong>&#8221; Bodas y Eventos &#8220;<\/strong><\/span><\/h1>\n<p><center><br \/>\n<img fetchpriority=\"high\" decoding=\"async\" class=\"alignnone wp-image-1120 size-medium\" src=\"https:\/\/alfieri-immobiliare.com\/wp-content\/uploads\/2017\/11\/wedding1-300x200.png\" alt=\"\" width=\"300\" height=\"200\" \/> <img decoding=\"async\" class=\"alignnone wp-image-1121 size-medium\" src=\"https:\/\/alfieri-immobiliare.com\/wp-content\/uploads\/2017\/11\/wedding2-300x200.png\" alt=\"\" width=\"300\" height=\"200\" \/> <img decoding=\"async\" class=\"alignnone wp-image-1122 size-medium\" src=\"https:\/\/alfieri-immobiliare.com\/wp-content\/uploads\/2017\/11\/wedding3-300x200.png\" alt=\"\" width=\"300\" height=\"200\" \/> <img loading=\"lazy\" decoding=\"async\" class=\"alignnone wp-image-1123 size-medium\" src=\"https:\/\/alfieri-immobiliare.com\/wp-content\/uploads\/2017\/11\/wedding4-300x200.png\" alt=\"\" width=\"300\" height=\"200\" \/> <img loading=\"lazy\" decoding=\"async\" class=\"alignnone wp-image-1124 size-medium\" src=\"https:\/\/alfieri-immobiliare.com\/wp-content\/uploads\/2017\/11\/wedding5-300x200.png\" alt=\"\" width=\"300\" height=\"200\" \/> <img loading=\"lazy\" decoding=\"async\" class=\"alignnone wp-image-1125 size-medium\" src=\"https:\/\/alfieri-immobiliare.com\/wp-content\/uploads\/2017\/11\/wedding6-300x200.png\" alt=\"\" width=\"300\" height=\"200\" \/><\/center>&nbsp;<\/p>\n<p style=\"text-align: center;\">Cada a\u00f1o, en la <strong>Costa de Amalfi<\/strong>, miles de parejas juran amor eterno pronunciando el deseado &#8220;s\u00ed&#8221;.<\/p>\n<p style=\"text-align: center;\">Si t\u00fa tambi\u00e9n deseas que tu sue\u00f1o de amor se haga realidad y hacer que la boda sea el d\u00eda m\u00e1s hermoso de tu vida, nos encargaremos de organizar en detalle todos los preparativos y encontraremos las soluciones m\u00e1s adecuadas para ti.<\/p>\n<p>.[\/vc_column_text]<div style=\"clear:both; width:100%; height:50px\"><\/div>[vc_gallery type=&#8221;image_grid&#8221; images=&#8221;3229,3227,3225,3223,3221,3219,3217,3215,3213,3211,3209,3207,3205,3203,3201,3575,3577,3579,3581,3583,3585,3587,3589,3591,3593,3595,3597,3599,3601,3603,3605,3607,3609,3611&#8243;][vc_empty_space][vc_column_text]<\/p>\n<h2 style=\"text-align: center;\">Nuestros servicios<\/h2>\n<p style=\"text-align: center;\">Planificador de bodas<\/p>\n<p style=\"text-align: center;\">Artistas y m\u00fasicos<\/p>\n<p style=\"text-align: center;\">Decoraciones florales y arreglos<\/p>\n<p style=\"text-align: center;\">Fotograf\u00eda y video<\/p>\n<p style=\"text-align: center;\">Maquillaje<\/p>\n<p style=\"text-align: center;\">Regalo para los invitados<\/p>\n<p style=\"text-align: center;\">Alquiler de coches para ceremonias<\/p>\n<p>[\/vc_column_text][\/vc_column][\/vc_row]<\/p>\n<\/div>","protected":false},"excerpt":{"rendered":"<p>[vc_row][vc_column][vc_column_text] &#8221; Bodas y Eventos &#8220; &nbsp; Cada a\u00f1o, en la Costa de Amalfi, miles de parejas juran amor eterno pronunciando el deseado &#8220;s\u00ed&#8221;. Si t\u00fa tambi\u00e9n deseas que tu sue\u00f1o de amor se haga [&hellip;]<\/p>\n","protected":false},"author":3,"featured_media":0,"parent":0,"menu_order":0,"comment_status":"closed","ping_status":"closed","template":"","meta":{"footnotes":""},"class_list":["post-5980","page","type-page","status-publish","hentry"],"yoast_head":"<!-- This site is optimized with the Yoast SEO plugin v27.2 - https:\/\/yoast.com\/product\/yoast-seo-wordpress\/ -->\n<title>Bodas y Eventos - Alfieri Immobiliare - Amalfi - Real estate &amp; Vacation rentals<\/title>\n<meta name=\"robots\" content=\"index, follow, max-snippet:-1, max-image-preview:large, max-video-preview:-1\" \/>\n<link rel=\"canonical\" href=\"https:\/\/alfieri-immobiliare.com\/es\/bodas-y-eventos\/\" \/>\n<meta property=\"og:locale\" content=\"es_ES\" \/>\n<meta property=\"og:type\" content=\"article\" \/>\n<meta property=\"og:title\" content=\"Bodas y Eventos - Alfieri Immobiliare - Amalfi - Real estate &amp; Vacation rentals\" \/>\n<meta property=\"og:description\" content=\"[vc_row][vc_column][vc_column_text] &#8221; Bodas y Eventos &#8220; &nbsp; Cada a\u00f1o, en la Costa de Amalfi, miles de parejas juran amor eterno pronunciando el deseado &#8220;s\u00ed&#8221;. Si t\u00fa tambi\u00e9n deseas que tu sue\u00f1o de amor se haga [&hellip;]\" \/>\n<meta property=\"og:url\" content=\"https:\/\/alfieri-immobiliare.com\/es\/bodas-y-eventos\/\" \/>\n<meta property=\"og:site_name\" content=\"Alfieri Immobiliare - Amalfi - Real estate &amp; Vacation rentals\" \/>\n<meta property=\"article:modified_time\" content=\"2020-04-27T12:25:09+00:00\" \/>\n<meta property=\"og:image\" content=\"https:\/\/alfieri-immobiliare.com\/wp-content\/uploads\/2017\/11\/wedding1-300x200.png\" \/>\n<meta name=\"twitter:card\" content=\"summary_large_image\" \/>\n<meta name=\"twitter:label1\" content=\"Tiempo de lectura\" \/>\n\t<meta name=\"twitter:data1\" content=\"1 minuto\" \/>\n<script type=\"application\/ld+json\" class=\"yoast-schema-graph\">{\"@context\":\"https:\/\/schema.org\",\"@graph\":[{\"@type\":\"WebPage\",\"@id\":\"https:\/\/alfieri-immobiliare.com\/es\/bodas-y-eventos\/\",\"url\":\"https:\/\/alfieri-immobiliare.com\/es\/bodas-y-eventos\/\",\"name\":\"Bodas y Eventos - Alfieri Immobiliare - Amalfi - Real estate & Vacation rentals\",\"isPartOf\":{\"@id\":\"https:\/\/alfieri-immobiliare.com\/es\/#website\"},\"primaryImageOfPage\":{\"@id\":\"https:\/\/alfieri-immobiliare.com\/es\/bodas-y-eventos\/#primaryimage\"},\"image\":{\"@id\":\"https:\/\/alfieri-immobiliare.com\/es\/bodas-y-eventos\/#primaryimage\"},\"thumbnailUrl\":\"https:\/\/alfieri-immobiliare.com\/wp-content\/uploads\/2017\/11\/wedding1-300x200.png\",\"datePublished\":\"2020-04-24T12:33:04+00:00\",\"dateModified\":\"2020-04-27T12:25:09+00:00\",\"breadcrumb\":{\"@id\":\"https:\/\/alfieri-immobiliare.com\/es\/bodas-y-eventos\/#breadcrumb\"},\"inLanguage\":\"es\",\"potentialAction\":[{\"@type\":\"ReadAction\",\"target\":[\"https:\/\/alfieri-immobiliare.com\/es\/bodas-y-eventos\/\"]}]},{\"@type\":\"ImageObject\",\"inLanguage\":\"es\",\"@id\":\"https:\/\/alfieri-immobiliare.com\/es\/bodas-y-eventos\/#primaryimage\",\"url\":\"https:\/\/alfieri-immobiliare.com\/wp-content\/uploads\/2017\/11\/wedding1-300x200.png\",\"contentUrl\":\"https:\/\/alfieri-immobiliare.com\/wp-content\/uploads\/2017\/11\/wedding1-300x200.png\"},{\"@type\":\"BreadcrumbList\",\"@id\":\"https:\/\/alfieri-immobiliare.com\/es\/bodas-y-eventos\/#breadcrumb\",\"itemListElement\":[{\"@type\":\"ListItem\",\"position\":1,\"name\":\"Home\",\"item\":\"https:\/\/alfieri-immobiliare.com\/es\/nuova-home\/\"},{\"@type\":\"ListItem\",\"position\":2,\"name\":\"Bodas y Eventos\"}]},{\"@type\":\"WebSite\",\"@id\":\"https:\/\/alfieri-immobiliare.com\/es\/#website\",\"url\":\"https:\/\/alfieri-immobiliare.com\/es\/\",\"name\":\"Alfieri Immobiliare - Amalfi - Real estate & Vacation rentals\",\"description\":\"Real estate & Vacation rentals\",\"publisher\":{\"@id\":\"https:\/\/alfieri-immobiliare.com\/es\/#organization\"},\"potentialAction\":[{\"@type\":\"SearchAction\",\"target\":{\"@type\":\"EntryPoint\",\"urlTemplate\":\"https:\/\/alfieri-immobiliare.com\/es\/?s={search_term_string}\"},\"query-input\":{\"@type\":\"PropertyValueSpecification\",\"valueRequired\":true,\"valueName\":\"search_term_string\"}}],\"inLanguage\":\"es\"},{\"@type\":\"Organization\",\"@id\":\"https:\/\/alfieri-immobiliare.com\/es\/#organization\",\"name\":\"Alfieri Rooms\",\"url\":\"https:\/\/alfieri-immobiliare.com\/es\/\",\"logo\":{\"@type\":\"ImageObject\",\"inLanguage\":\"es\",\"@id\":\"https:\/\/alfieri-immobiliare.com\/es\/#\/schema\/logo\/image\/\",\"url\":\"https:\/\/alfieri-immobiliare.com\/wp-content\/uploads\/2019\/04\/alfieri-rooms-logo-white.png\",\"contentUrl\":\"https:\/\/alfieri-immobiliare.com\/wp-content\/uploads\/2019\/04\/alfieri-rooms-logo-white.png\",\"width\":128,\"height\":30,\"caption\":\"Alfieri Rooms\"},\"image\":{\"@id\":\"https:\/\/alfieri-immobiliare.com\/es\/#\/schema\/logo\/image\/\"}}]}<\/script>\n<!-- \/ Yoast SEO plugin. -->","yoast_head_json":{"title":"Bodas y Eventos - Alfieri Immobiliare - Amalfi - Real estate & Vacation rentals","robots":{"index":"index","follow":"follow","max-snippet":"max-snippet:-1","max-image-preview":"max-image-preview:large","max-video-preview":"max-video-preview:-1"},"canonical":"https:\/\/alfieri-immobiliare.com\/es\/bodas-y-eventos\/","og_locale":"es_ES","og_type":"article","og_title":"Bodas y Eventos - Alfieri Immobiliare - Amalfi - Real estate & Vacation rentals","og_description":"[vc_row][vc_column][vc_column_text] &#8221; Bodas y Eventos &#8220; &nbsp; Cada a\u00f1o, en la Costa de Amalfi, miles de parejas juran amor eterno pronunciando el deseado &#8220;s\u00ed&#8221;. Si t\u00fa tambi\u00e9n deseas que tu sue\u00f1o de amor se haga [&hellip;]","og_url":"https:\/\/alfieri-immobiliare.com\/es\/bodas-y-eventos\/","og_site_name":"Alfieri Immobiliare - Amalfi - Real estate & Vacation rentals","article_modified_time":"2020-04-27T12:25:09+00:00","og_image":[{"url":"https:\/\/alfieri-immobiliare.com\/wp-content\/uploads\/2017\/11\/wedding1-300x200.png","type":"","width":"","height":""}],"twitter_card":"summary_large_image","twitter_misc":{"Tiempo de lectura":"1 minuto"},"schema":{"@context":"https:\/\/schema.org","@graph":[{"@type":"WebPage","@id":"https:\/\/alfieri-immobiliare.com\/es\/bodas-y-eventos\/","url":"https:\/\/alfieri-immobiliare.com\/es\/bodas-y-eventos\/","name":"Bodas y Eventos - Alfieri Immobiliare - Amalfi - Real estate & Vacation rentals","isPartOf":{"@id":"https:\/\/alfieri-immobiliare.com\/es\/#website"},"primaryImageOfPage":{"@id":"https:\/\/alfieri-immobiliare.com\/es\/bodas-y-eventos\/#primaryimage"},"image":{"@id":"https:\/\/alfieri-immobiliare.com\/es\/bodas-y-eventos\/#primaryimage"},"thumbnailUrl":"https:\/\/alfieri-immobiliare.com\/wp-content\/uploads\/2017\/11\/wedding1-300x200.png","datePublished":"2020-04-24T12:33:04+00:00","dateModified":"2020-04-27T12:25:09+00:00","breadcrumb":{"@id":"https:\/\/alfieri-immobiliare.com\/es\/bodas-y-eventos\/#breadcrumb"},"inLanguage":"es","potentialAction":[{"@type":"ReadAction","target":["https:\/\/alfieri-immobiliare.com\/es\/bodas-y-eventos\/"]}]},{"@type":"ImageObject","inLanguage":"es","@id":"https:\/\/alfieri-immobiliare.com\/es\/bodas-y-eventos\/#primaryimage","url":"https:\/\/alfieri-immobiliare.com\/wp-content\/uploads\/2017\/11\/wedding1-300x200.png","contentUrl":"https:\/\/alfieri-immobiliare.com\/wp-content\/uploads\/2017\/11\/wedding1-300x200.png"},{"@type":"BreadcrumbList","@id":"https:\/\/alfieri-immobiliare.com\/es\/bodas-y-eventos\/#breadcrumb","itemListElement":[{"@type":"ListItem","position":1,"name":"Home","item":"https:\/\/alfieri-immobiliare.com\/es\/nuova-home\/"},{"@type":"ListItem","position":2,"name":"Bodas y Eventos"}]},{"@type":"WebSite","@id":"https:\/\/alfieri-immobiliare.com\/es\/#website","url":"https:\/\/alfieri-immobiliare.com\/es\/","name":"Alfieri Immobiliare - Amalfi - Real estate & Vacation rentals","description":"Real estate & Vacation rentals","publisher":{"@id":"https:\/\/alfieri-immobiliare.com\/es\/#organization"},"potentialAction":[{"@type":"SearchAction","target":{"@type":"EntryPoint","urlTemplate":"https:\/\/alfieri-immobiliare.com\/es\/?s={search_term_string}"},"query-input":{"@type":"PropertyValueSpecification","valueRequired":true,"valueName":"search_term_string"}}],"inLanguage":"es"},{"@type":"Organization","@id":"https:\/\/alfieri-immobiliare.com\/es\/#organization","name":"Alfieri Rooms","url":"https:\/\/alfieri-immobiliare.com\/es\/","logo":{"@type":"ImageObject","inLanguage":"es","@id":"https:\/\/alfieri-immobiliare.com\/es\/#\/schema\/logo\/image\/","url":"https:\/\/alfieri-immobiliare.com\/wp-content\/uploads\/2019\/04\/alfieri-rooms-logo-white.png","contentUrl":"https:\/\/alfieri-immobiliare.com\/wp-content\/uploads\/2019\/04\/alfieri-rooms-logo-white.png","width":128,"height":30,"caption":"Alfieri Rooms"},"image":{"@id":"https:\/\/alfieri-immobiliare.com\/es\/#\/schema\/logo\/image\/"}}]}},"_links":{"self":[{"href":"https:\/\/alfieri-immobiliare.com\/es\/wp-json\/wp\/v2\/pages\/5980","targetHints":{"allow":["GET"]}}],"collection":[{"href":"https:\/\/alfieri-immobiliare.com\/es\/wp-json\/wp\/v2\/pages"}],"about":[{"href":"https:\/\/alfieri-immobiliare.com\/es\/wp-json\/wp\/v2\/types\/page"}],"author":[{"embeddable":true,"href":"https:\/\/alfieri-immobiliare.com\/es\/wp-json\/wp\/v2\/users\/3"}],"replies":[{"embeddable":true,"href":"https:\/\/alfieri-immobiliare.com\/es\/wp-json\/wp\/v2\/comments?post=5980"}],"version-history":[{"count":0,"href":"https:\/\/alfieri-immobiliare.com\/es\/wp-json\/wp\/v2\/pages\/5980\/revisions"}],"wp:attachment":[{"href":"https:\/\/alfieri-immobiliare.com\/es\/wp-json\/wp\/v2\/media?parent=5980"}],"curies":[{"name":"wp","href":"https:\/\/api.w.org\/{rel}","templated":true}]}}