{"id":5957,"date":"2020-04-24T14:19:41","date_gmt":"2020-04-24T12:19:41","guid":{"rendered":"https:\/\/demo.alfierirooms.com\/?page_id=5957"},"modified":"2025-10-27T10:57:20","modified_gmt":"2025-10-27T09:57:20","slug":"lezioni-di-cucina","status":"publish","type":"page","link":"https:\/\/alfieri-immobiliare.com\/es\/lezioni-di-cucina\/","title":{"rendered":"Cursos de cocina"},"content":{"rendered":"<div class=\"wpb-content-wrapper\"><p>[vc_row][vc_column][vc_column_text css=&#8221;&#8221;]<\/p>\n<h1 style=\"text-align: center;\"><span style=\"color: #4088ab;\">\u00a0&#8221; Cursos de Cocina &#8220;<\/span><\/h1>\n<p><center><br \/>\n<img fetchpriority=\"high\" decoding=\"async\" class=\"alignnone wp-image-1097 size-medium\" src=\"https:\/\/alfieri-immobiliare.com\/wp-content\/uploads\/2017\/11\/lezione1-300x200.png\" alt=\"\" width=\"300\" height=\"200\" \/> <img decoding=\"async\" class=\"alignnone wp-image-1098 size-medium\" src=\"https:\/\/alfieri-immobiliare.com\/wp-content\/uploads\/2017\/11\/lezione2-300x200.png\" alt=\"\" width=\"300\" height=\"200\" \/> <img decoding=\"async\" class=\"alignnone wp-image-1099 size-medium\" src=\"https:\/\/alfieri-immobiliare.com\/wp-content\/uploads\/2017\/11\/lezione3-300x200.png\" alt=\"\" width=\"300\" height=\"200\" \/> <img loading=\"lazy\" decoding=\"async\" class=\"alignnone wp-image-1100 size-medium\" src=\"https:\/\/alfieri-immobiliare.com\/wp-content\/uploads\/2017\/11\/lezione4-300x200.png\" alt=\"\" width=\"300\" height=\"200\" \/> <img loading=\"lazy\" decoding=\"async\" class=\"alignnone wp-image-1101 size-medium\" src=\"https:\/\/alfieri-immobiliare.com\/wp-content\/uploads\/2017\/11\/lezione5-300x200.png\" alt=\"\" width=\"300\" height=\"200\" \/> <img loading=\"lazy\" decoding=\"async\" class=\"alignnone wp-image-1102 size-medium\" src=\"https:\/\/alfieri-immobiliare.com\/wp-content\/uploads\/2017\/11\/lezione6-300x200.png\" alt=\"\" width=\"300\" height=\"200\" \/><\/center>&nbsp;<\/p>\n<p>Nuestra experiencia comienza con una c\u00e1lida bienvenida por parte de nuestro equipo, quien les guiar\u00e1 a lo largo de esta fant\u00e1stica clase, describiendo lo que haremos en las siguientes horas.<\/p>\n<p>Comenzaremos con un recorrido por nuestros t\u00edpicos huertos en terrazas, un antiguo m\u00e9todo de cultivo local que representa un recurso de sostenibilidad y conservaci\u00f3n del medio ambiente en la Costa Amalfitana.<\/p>\n<p>Aqu\u00ed pasearemos y nos detendremos en el limonero, el olivar y el vi\u00f1edo, donde recibir\u00e1n informaci\u00f3n importante sobre la importancia de estos huertos en la dieta mediterr\u00e1nea y c\u00f3mo se producen nuestro mundialmente famoso Limoncello, aceite de oliva y vino.<\/p>\n<p>Continuaremos nuestra visita al huerto y, tras usar guantes y recoger cestas de mimbre, procederemos a la recolecci\u00f3n de las verduras de temporada m\u00e1s frescas y las hierbas arom\u00e1ticas que luego utilizaremos para la preparaci\u00f3n de las delicias de la clase.<\/p>\n<p>Una vez que nos pongamos los delantales de cocina, estaremos listos para ponernos manos a la obra y aprender los secretos de la preparaci\u00f3n de exquisitos platos tradicionales, que luego disfrutaremos todos juntos durante una maravillosa comida acompa\u00f1ada de vino local, limoncello y aut\u00e9ntico espresso napolitano.<\/p>\n<p>Para finalizar nuestra experiencia gastron\u00f3mica, no dude en relajarse en la zona de relax junto al limonero, saboreando una copa de vino o acomod\u00e1ndose en nuestras c\u00f3modas hamacas mientras disfruta de la espl\u00e9ndida vista de la costa.<\/p>\n<p>+ 39 339 22 11 709<\/p>\n<p>info@alfieri-immobiliare.com<\/p>\n<p>[\/vc_column_text][\/vc_column][\/vc_row][vc_row][vc_column][vc_gallery type=&#8221;image_grid&#8221; images=&#8221;7052,7049,7046,7043,7040,7037,7034,7031,7028,7021,7012,6991,6982,6988&#8243;][\/vc_column][\/vc_row]<\/p>\n<\/div>","protected":false},"excerpt":{"rendered":"<p>[vc_row][vc_column][vc_column_text css=&#8221;&#8221;] \u00a0&#8221; Cursos de Cocina &#8220; &nbsp; Nuestra experiencia comienza con una c\u00e1lida bienvenida por parte de nuestro equipo, quien les guiar\u00e1 a lo largo de esta fant\u00e1stica clase, describiendo lo que haremos en [&hellip;]<\/p>\n","protected":false},"author":3,"featured_media":0,"parent":0,"menu_order":0,"comment_status":"closed","ping_status":"closed","template":"","meta":{"footnotes":""},"class_list":["post-5957","page","type-page","status-publish","hentry"],"yoast_head":"<!-- This site is optimized with the Yoast SEO plugin v27.4 - https:\/\/yoast.com\/product\/yoast-seo-wordpress\/ -->\n<title>Cursos de cocina - Alfieri Immobiliare - Amalfi - Real estate &amp; Vacation rentals<\/title>\n<meta name=\"robots\" content=\"index, follow, max-snippet:-1, max-image-preview:large, max-video-preview:-1\" \/>\n<link rel=\"canonical\" href=\"https:\/\/alfieri-immobiliare.com\/es\/lezioni-di-cucina\/\" \/>\n<meta property=\"og:locale\" content=\"es_ES\" \/>\n<meta property=\"og:type\" content=\"article\" \/>\n<meta property=\"og:title\" content=\"Cursos de cocina - Alfieri Immobiliare - Amalfi - Real estate &amp; Vacation rentals\" \/>\n<meta property=\"og:description\" content=\"[vc_row][vc_column][vc_column_text css=&#8221;&#8221;] \u00a0&#8221; Cursos de Cocina &#8220; &nbsp; Nuestra experiencia comienza con una c\u00e1lida bienvenida por parte de nuestro equipo, quien les guiar\u00e1 a lo largo de esta fant\u00e1stica clase, describiendo lo que haremos en [&hellip;]\" \/>\n<meta property=\"og:url\" content=\"https:\/\/alfieri-immobiliare.com\/es\/lezioni-di-cucina\/\" \/>\n<meta property=\"og:site_name\" content=\"Alfieri Immobiliare - Amalfi - Real estate &amp; Vacation rentals\" \/>\n<meta property=\"article:modified_time\" content=\"2025-10-27T09:57:20+00:00\" \/>\n<meta property=\"og:image\" content=\"https:\/\/alfieri-immobiliare.com\/wp-content\/uploads\/2017\/11\/lezione1.png\" \/>\n\t<meta property=\"og:image:width\" content=\"300\" \/>\n\t<meta property=\"og:image:height\" content=\"200\" \/>\n\t<meta property=\"og:image:type\" content=\"image\/png\" \/>\n<meta name=\"twitter:card\" content=\"summary_large_image\" \/>\n<meta name=\"twitter:label1\" content=\"Tiempo de lectura\" \/>\n\t<meta name=\"twitter:data1\" content=\"4 minutos\" \/>\n<script type=\"application\/ld+json\" class=\"yoast-schema-graph\">{\"@context\":\"https:\\\/\\\/schema.org\",\"@graph\":[{\"@type\":\"WebPage\",\"@id\":\"https:\\\/\\\/alfieri-immobiliare.com\\\/es\\\/lezioni-di-cucina\\\/\",\"url\":\"https:\\\/\\\/alfieri-immobiliare.com\\\/es\\\/lezioni-di-cucina\\\/\",\"name\":\"Cursos de cocina - Alfieri Immobiliare - Amalfi - Real estate & Vacation rentals\",\"isPartOf\":{\"@id\":\"https:\\\/\\\/alfieri-immobiliare.com\\\/es\\\/#website\"},\"primaryImageOfPage\":{\"@id\":\"https:\\\/\\\/alfieri-immobiliare.com\\\/es\\\/lezioni-di-cucina\\\/#primaryimage\"},\"image\":{\"@id\":\"https:\\\/\\\/alfieri-immobiliare.com\\\/es\\\/lezioni-di-cucina\\\/#primaryimage\"},\"thumbnailUrl\":\"https:\\\/\\\/alfieri-immobiliare.com\\\/wp-content\\\/uploads\\\/2017\\\/11\\\/lezione1-300x200.png\",\"datePublished\":\"2020-04-24T12:19:41+00:00\",\"dateModified\":\"2025-10-27T09:57:20+00:00\",\"breadcrumb\":{\"@id\":\"https:\\\/\\\/alfieri-immobiliare.com\\\/es\\\/lezioni-di-cucina\\\/#breadcrumb\"},\"inLanguage\":\"es\",\"potentialAction\":[{\"@type\":\"ReadAction\",\"target\":[\"https:\\\/\\\/alfieri-immobiliare.com\\\/es\\\/lezioni-di-cucina\\\/\"]}]},{\"@type\":\"ImageObject\",\"inLanguage\":\"es\",\"@id\":\"https:\\\/\\\/alfieri-immobiliare.com\\\/es\\\/lezioni-di-cucina\\\/#primaryimage\",\"url\":\"https:\\\/\\\/alfieri-immobiliare.com\\\/wp-content\\\/uploads\\\/2017\\\/11\\\/lezione1-300x200.png\",\"contentUrl\":\"https:\\\/\\\/alfieri-immobiliare.com\\\/wp-content\\\/uploads\\\/2017\\\/11\\\/lezione1-300x200.png\"},{\"@type\":\"BreadcrumbList\",\"@id\":\"https:\\\/\\\/alfieri-immobiliare.com\\\/es\\\/lezioni-di-cucina\\\/#breadcrumb\",\"itemListElement\":[{\"@type\":\"ListItem\",\"position\":1,\"name\":\"Home\",\"item\":\"https:\\\/\\\/alfieri-immobiliare.com\\\/es\\\/nuova-home\\\/\"},{\"@type\":\"ListItem\",\"position\":2,\"name\":\"Cursos de cocina\"}]},{\"@type\":\"WebSite\",\"@id\":\"https:\\\/\\\/alfieri-immobiliare.com\\\/es\\\/#website\",\"url\":\"https:\\\/\\\/alfieri-immobiliare.com\\\/es\\\/\",\"name\":\"Alfieri Immobiliare - Amalfi - Real estate & Vacation rentals\",\"description\":\"Real estate & Vacation rentals\",\"publisher\":{\"@id\":\"https:\\\/\\\/alfieri-immobiliare.com\\\/es\\\/#organization\"},\"potentialAction\":[{\"@type\":\"SearchAction\",\"target\":{\"@type\":\"EntryPoint\",\"urlTemplate\":\"https:\\\/\\\/alfieri-immobiliare.com\\\/es\\\/?s={search_term_string}\"},\"query-input\":{\"@type\":\"PropertyValueSpecification\",\"valueRequired\":true,\"valueName\":\"search_term_string\"}}],\"inLanguage\":\"es\"},{\"@type\":\"Organization\",\"@id\":\"https:\\\/\\\/alfieri-immobiliare.com\\\/es\\\/#organization\",\"name\":\"Alfieri Rooms\",\"url\":\"https:\\\/\\\/alfieri-immobiliare.com\\\/es\\\/\",\"logo\":{\"@type\":\"ImageObject\",\"inLanguage\":\"es\",\"@id\":\"https:\\\/\\\/alfieri-immobiliare.com\\\/es\\\/#\\\/schema\\\/logo\\\/image\\\/\",\"url\":\"https:\\\/\\\/alfieri-immobiliare.com\\\/wp-content\\\/uploads\\\/2019\\\/04\\\/alfieri-rooms-logo-white.png\",\"contentUrl\":\"https:\\\/\\\/alfieri-immobiliare.com\\\/wp-content\\\/uploads\\\/2019\\\/04\\\/alfieri-rooms-logo-white.png\",\"width\":128,\"height\":30,\"caption\":\"Alfieri Rooms\"},\"image\":{\"@id\":\"https:\\\/\\\/alfieri-immobiliare.com\\\/es\\\/#\\\/schema\\\/logo\\\/image\\\/\"}}]}<\/script>\n<!-- \/ Yoast SEO plugin. -->","yoast_head_json":{"title":"Cursos de cocina - Alfieri Immobiliare - Amalfi - Real estate & Vacation rentals","robots":{"index":"index","follow":"follow","max-snippet":"max-snippet:-1","max-image-preview":"max-image-preview:large","max-video-preview":"max-video-preview:-1"},"canonical":"https:\/\/alfieri-immobiliare.com\/es\/lezioni-di-cucina\/","og_locale":"es_ES","og_type":"article","og_title":"Cursos de cocina - Alfieri Immobiliare - Amalfi - Real estate & Vacation rentals","og_description":"[vc_row][vc_column][vc_column_text css=&#8221;&#8221;] \u00a0&#8221; Cursos de Cocina &#8220; &nbsp; Nuestra experiencia comienza con una c\u00e1lida bienvenida por parte de nuestro equipo, quien les guiar\u00e1 a lo largo de esta fant\u00e1stica clase, describiendo lo que haremos en [&hellip;]","og_url":"https:\/\/alfieri-immobiliare.com\/es\/lezioni-di-cucina\/","og_site_name":"Alfieri Immobiliare - Amalfi - Real estate & Vacation rentals","article_modified_time":"2025-10-27T09:57:20+00:00","og_image":[{"width":300,"height":200,"url":"https:\/\/alfieri-immobiliare.com\/wp-content\/uploads\/2017\/11\/lezione1.png","type":"image\/png"}],"twitter_card":"summary_large_image","twitter_misc":{"Tiempo de lectura":"4 minutos"},"schema":{"@context":"https:\/\/schema.org","@graph":[{"@type":"WebPage","@id":"https:\/\/alfieri-immobiliare.com\/es\/lezioni-di-cucina\/","url":"https:\/\/alfieri-immobiliare.com\/es\/lezioni-di-cucina\/","name":"Cursos de cocina - Alfieri Immobiliare - Amalfi - Real estate & Vacation rentals","isPartOf":{"@id":"https:\/\/alfieri-immobiliare.com\/es\/#website"},"primaryImageOfPage":{"@id":"https:\/\/alfieri-immobiliare.com\/es\/lezioni-di-cucina\/#primaryimage"},"image":{"@id":"https:\/\/alfieri-immobiliare.com\/es\/lezioni-di-cucina\/#primaryimage"},"thumbnailUrl":"https:\/\/alfieri-immobiliare.com\/wp-content\/uploads\/2017\/11\/lezione1-300x200.png","datePublished":"2020-04-24T12:19:41+00:00","dateModified":"2025-10-27T09:57:20+00:00","breadcrumb":{"@id":"https:\/\/alfieri-immobiliare.com\/es\/lezioni-di-cucina\/#breadcrumb"},"inLanguage":"es","potentialAction":[{"@type":"ReadAction","target":["https:\/\/alfieri-immobiliare.com\/es\/lezioni-di-cucina\/"]}]},{"@type":"ImageObject","inLanguage":"es","@id":"https:\/\/alfieri-immobiliare.com\/es\/lezioni-di-cucina\/#primaryimage","url":"https:\/\/alfieri-immobiliare.com\/wp-content\/uploads\/2017\/11\/lezione1-300x200.png","contentUrl":"https:\/\/alfieri-immobiliare.com\/wp-content\/uploads\/2017\/11\/lezione1-300x200.png"},{"@type":"BreadcrumbList","@id":"https:\/\/alfieri-immobiliare.com\/es\/lezioni-di-cucina\/#breadcrumb","itemListElement":[{"@type":"ListItem","position":1,"name":"Home","item":"https:\/\/alfieri-immobiliare.com\/es\/nuova-home\/"},{"@type":"ListItem","position":2,"name":"Cursos de cocina"}]},{"@type":"WebSite","@id":"https:\/\/alfieri-immobiliare.com\/es\/#website","url":"https:\/\/alfieri-immobiliare.com\/es\/","name":"Alfieri Immobiliare - Amalfi - Real estate & Vacation rentals","description":"Real estate & Vacation rentals","publisher":{"@id":"https:\/\/alfieri-immobiliare.com\/es\/#organization"},"potentialAction":[{"@type":"SearchAction","target":{"@type":"EntryPoint","urlTemplate":"https:\/\/alfieri-immobiliare.com\/es\/?s={search_term_string}"},"query-input":{"@type":"PropertyValueSpecification","valueRequired":true,"valueName":"search_term_string"}}],"inLanguage":"es"},{"@type":"Organization","@id":"https:\/\/alfieri-immobiliare.com\/es\/#organization","name":"Alfieri Rooms","url":"https:\/\/alfieri-immobiliare.com\/es\/","logo":{"@type":"ImageObject","inLanguage":"es","@id":"https:\/\/alfieri-immobiliare.com\/es\/#\/schema\/logo\/image\/","url":"https:\/\/alfieri-immobiliare.com\/wp-content\/uploads\/2019\/04\/alfieri-rooms-logo-white.png","contentUrl":"https:\/\/alfieri-immobiliare.com\/wp-content\/uploads\/2019\/04\/alfieri-rooms-logo-white.png","width":128,"height":30,"caption":"Alfieri Rooms"},"image":{"@id":"https:\/\/alfieri-immobiliare.com\/es\/#\/schema\/logo\/image\/"}}]}},"_links":{"self":[{"href":"https:\/\/alfieri-immobiliare.com\/es\/wp-json\/wp\/v2\/pages\/5957","targetHints":{"allow":["GET"]}}],"collection":[{"href":"https:\/\/alfieri-immobiliare.com\/es\/wp-json\/wp\/v2\/pages"}],"about":[{"href":"https:\/\/alfieri-immobiliare.com\/es\/wp-json\/wp\/v2\/types\/page"}],"author":[{"embeddable":true,"href":"https:\/\/alfieri-immobiliare.com\/es\/wp-json\/wp\/v2\/users\/3"}],"replies":[{"embeddable":true,"href":"https:\/\/alfieri-immobiliare.com\/es\/wp-json\/wp\/v2\/comments?post=5957"}],"version-history":[{"count":1,"href":"https:\/\/alfieri-immobiliare.com\/es\/wp-json\/wp\/v2\/pages\/5957\/revisions"}],"predecessor-version":[{"id":10885,"href":"https:\/\/alfieri-immobiliare.com\/es\/wp-json\/wp\/v2\/pages\/5957\/revisions\/10885"}],"wp:attachment":[{"href":"https:\/\/alfieri-immobiliare.com\/es\/wp-json\/wp\/v2\/media?parent=5957"}],"curies":[{"name":"wp","href":"https:\/\/api.w.org\/{rel}","templated":true}]}}