{"id":5916,"date":"2020-04-24T12:00:28","date_gmt":"2020-04-24T10:00:28","guid":{"rendered":"https:\/\/demo.alfierirooms.com\/?page_id=5916"},"modified":"2020-04-27T14:19:17","modified_gmt":"2020-04-27T12:19:17","slug":"senda-de-los-dioses","status":"publish","type":"page","link":"https:\/\/alfieri-immobiliare.com\/es\/escursioni\/senda-de-los-dioses\/","title":{"rendered":"Senda de los Dioses"},"content":{"rendered":"<h1 style=\"text-align: center;\"><span style=\"color: #4088ab;\">&#8221; Senda de los Dioses &#8220;<\/span><\/h1>\n<h1 style=\"text-align: center;\"><img fetchpriority=\"high\" decoding=\"async\" class=\"alignnone wp-image-1158 size-medium\" src=\"https:\/\/alfieri-immobiliare.com\/wp-content\/uploads\/2017\/11\/Sentiero1-300x200.png\" alt=\"\" width=\"300\" height=\"200\" \/> <img decoding=\"async\" class=\"alignnone wp-image-1159 size-medium\" src=\"https:\/\/alfieri-immobiliare.com\/wp-content\/uploads\/2017\/11\/Sentiero2-300x200.png\" alt=\"\" width=\"300\" height=\"200\" \/> <img decoding=\"async\" class=\"alignnone wp-image-1160 size-medium\" src=\"https:\/\/alfieri-immobiliare.com\/wp-content\/uploads\/2017\/11\/Sentiero3-300x200.png\" alt=\"\" width=\"300\" height=\"200\" \/> <img loading=\"lazy\" decoding=\"async\" class=\"alignnone wp-image-1161 size-medium\" src=\"https:\/\/alfieri-immobiliare.com\/wp-content\/uploads\/2017\/11\/Sentiero4-300x200.png\" alt=\"\" width=\"300\" height=\"200\" \/> <img loading=\"lazy\" decoding=\"async\" class=\"alignnone wp-image-1162 size-medium\" src=\"https:\/\/alfieri-immobiliare.com\/wp-content\/uploads\/2017\/11\/Sentiero5-300x200.png\" alt=\"\" width=\"300\" height=\"200\" \/> <img loading=\"lazy\" decoding=\"async\" class=\"alignnone wp-image-1163 size-medium\" src=\"https:\/\/alfieri-immobiliare.com\/wp-content\/uploads\/2017\/11\/Sentiero6-300x200.png\" alt=\"\" width=\"300\" height=\"200\" \/><\/h1>\n<p>&nbsp;<\/p>\n<p>La <strong>excursi\u00f3n<\/strong> por la&#8221;<strong>Senda de los Dioses<\/strong>&#8221; ofrece una vista espl\u00e9ndida de los paisajes costeros y de monta\u00f1a desde <strong>Positano<\/strong> hasta <strong>Capri<\/strong>. Por un sendero guiado que sube unos 500 metros sobre el nivel del mar entre pasajes rocosos y matorral mediterr\u00e1neo, encontrar\u00e1s bosques de roble y terrazas construidas en laderas empinadas. La ruta tiene aproximadamente 7 km de largo (hasta Nocelle) con una ca\u00edda vertical de 200 metros. Se necesitan aproximadamente 3 horas andando por un sendero f\u00e1cil con vista al mar. Si prestas atenci\u00f3n a las se\u00f1ales, no encontrar\u00e1s muchas dificultades para llegar a la aldea de Nocelle (420 metros).<\/p>\n<p>El comienzo de la \u201c<strong>Senda de los Dioses<\/strong>\u201d se encuentra en <strong>Bomerano<\/strong>, una peque\u00f1a aldea del municipio de <strong>Agerola<\/strong> y se puede alcanzar en autob\u00fas. Desde aqu\u00ed seguiremos las indicaciones que nos llevar\u00e1n a nuestra maravillosa excursi\u00f3n.<\/p>\n","protected":false},"excerpt":{"rendered":"<p>&#8221; Senda de los Dioses &#8220; &nbsp; La excursi\u00f3n por la&#8221;Senda de los Dioses&#8221; ofrece una vista espl\u00e9ndida de los paisajes costeros y de monta\u00f1a desde Positano hasta Capri. Por un sendero guiado que sube [&hellip;]<\/p>\n","protected":false},"author":3,"featured_media":0,"parent":5847,"menu_order":0,"comment_status":"closed","ping_status":"closed","template":"","meta":{"footnotes":""},"class_list":["post-5916","page","type-page","status-publish","hentry"],"yoast_head":"<!-- This site is optimized with the Yoast SEO plugin v27.4 - https:\/\/yoast.com\/product\/yoast-seo-wordpress\/ -->\n<title>Senda de los Dioses - Alfieri Immobiliare - Amalfi - Real estate &amp; Vacation rentals<\/title>\n<meta name=\"robots\" content=\"index, follow, max-snippet:-1, max-image-preview:large, max-video-preview:-1\" \/>\n<link rel=\"canonical\" href=\"https:\/\/alfieri-immobiliare.com\/es\/escursioni\/senda-de-los-dioses\/\" \/>\n<meta property=\"og:locale\" content=\"es_ES\" \/>\n<meta property=\"og:type\" content=\"article\" \/>\n<meta property=\"og:title\" content=\"Senda de los Dioses - Alfieri Immobiliare - Amalfi - Real estate &amp; Vacation rentals\" \/>\n<meta property=\"og:description\" content=\"&#8221; Senda de los Dioses &#8220; &nbsp; La excursi\u00f3n por la&#8221;Senda de los Dioses&#8221; ofrece una vista espl\u00e9ndida de los paisajes costeros y de monta\u00f1a desde Positano hasta Capri. Por un sendero guiado que sube [&hellip;]\" \/>\n<meta property=\"og:url\" content=\"https:\/\/alfieri-immobiliare.com\/es\/escursioni\/senda-de-los-dioses\/\" \/>\n<meta property=\"og:site_name\" content=\"Alfieri Immobiliare - Amalfi - Real estate &amp; Vacation rentals\" \/>\n<meta property=\"article:modified_time\" content=\"2020-04-27T12:19:17+00:00\" \/>\n<meta property=\"og:image\" content=\"https:\/\/alfieri-immobiliare.com\/wp-content\/uploads\/2017\/11\/Sentiero1-300x200.png\" \/>\n<meta name=\"twitter:card\" content=\"summary_large_image\" \/>\n<meta name=\"twitter:label1\" content=\"Tiempo de lectura\" \/>\n\t<meta name=\"twitter:data1\" content=\"1 minuto\" \/>\n<script type=\"application\/ld+json\" class=\"yoast-schema-graph\">{\"@context\":\"https:\\\/\\\/schema.org\",\"@graph\":[{\"@type\":\"WebPage\",\"@id\":\"https:\\\/\\\/alfieri-immobiliare.com\\\/es\\\/escursioni\\\/senda-de-los-dioses\\\/\",\"url\":\"https:\\\/\\\/alfieri-immobiliare.com\\\/es\\\/escursioni\\\/senda-de-los-dioses\\\/\",\"name\":\"Senda de los Dioses - Alfieri Immobiliare - Amalfi - Real estate & Vacation rentals\",\"isPartOf\":{\"@id\":\"https:\\\/\\\/alfieri-immobiliare.com\\\/es\\\/#website\"},\"primaryImageOfPage\":{\"@id\":\"https:\\\/\\\/alfieri-immobiliare.com\\\/es\\\/escursioni\\\/senda-de-los-dioses\\\/#primaryimage\"},\"image\":{\"@id\":\"https:\\\/\\\/alfieri-immobiliare.com\\\/es\\\/escursioni\\\/senda-de-los-dioses\\\/#primaryimage\"},\"thumbnailUrl\":\"https:\\\/\\\/alfieri-immobiliare.com\\\/wp-content\\\/uploads\\\/2017\\\/11\\\/Sentiero1-300x200.png\",\"datePublished\":\"2020-04-24T10:00:28+00:00\",\"dateModified\":\"2020-04-27T12:19:17+00:00\",\"breadcrumb\":{\"@id\":\"https:\\\/\\\/alfieri-immobiliare.com\\\/es\\\/escursioni\\\/senda-de-los-dioses\\\/#breadcrumb\"},\"inLanguage\":\"es\",\"potentialAction\":[{\"@type\":\"ReadAction\",\"target\":[\"https:\\\/\\\/alfieri-immobiliare.com\\\/es\\\/escursioni\\\/senda-de-los-dioses\\\/\"]}]},{\"@type\":\"ImageObject\",\"inLanguage\":\"es\",\"@id\":\"https:\\\/\\\/alfieri-immobiliare.com\\\/es\\\/escursioni\\\/senda-de-los-dioses\\\/#primaryimage\",\"url\":\"https:\\\/\\\/alfieri-immobiliare.com\\\/wp-content\\\/uploads\\\/2017\\\/11\\\/Sentiero1-300x200.png\",\"contentUrl\":\"https:\\\/\\\/alfieri-immobiliare.com\\\/wp-content\\\/uploads\\\/2017\\\/11\\\/Sentiero1-300x200.png\"},{\"@type\":\"BreadcrumbList\",\"@id\":\"https:\\\/\\\/alfieri-immobiliare.com\\\/es\\\/escursioni\\\/senda-de-los-dioses\\\/#breadcrumb\",\"itemListElement\":[{\"@type\":\"ListItem\",\"position\":1,\"name\":\"Home\",\"item\":\"https:\\\/\\\/alfieri-immobiliare.com\\\/es\\\/nuova-home\\\/\"},{\"@type\":\"ListItem\",\"position\":2,\"name\":\"Excursiones y Recorridos\",\"item\":\"https:\\\/\\\/alfieri-immobiliare.com\\\/es\\\/escursioni\\\/\"},{\"@type\":\"ListItem\",\"position\":3,\"name\":\"Senda de los Dioses\"}]},{\"@type\":\"WebSite\",\"@id\":\"https:\\\/\\\/alfieri-immobiliare.com\\\/es\\\/#website\",\"url\":\"https:\\\/\\\/alfieri-immobiliare.com\\\/es\\\/\",\"name\":\"Alfieri Immobiliare - Amalfi - Real estate & Vacation rentals\",\"description\":\"Real estate & Vacation rentals\",\"publisher\":{\"@id\":\"https:\\\/\\\/alfieri-immobiliare.com\\\/es\\\/#organization\"},\"potentialAction\":[{\"@type\":\"SearchAction\",\"target\":{\"@type\":\"EntryPoint\",\"urlTemplate\":\"https:\\\/\\\/alfieri-immobiliare.com\\\/es\\\/?s={search_term_string}\"},\"query-input\":{\"@type\":\"PropertyValueSpecification\",\"valueRequired\":true,\"valueName\":\"search_term_string\"}}],\"inLanguage\":\"es\"},{\"@type\":\"Organization\",\"@id\":\"https:\\\/\\\/alfieri-immobiliare.com\\\/es\\\/#organization\",\"name\":\"Alfieri Rooms\",\"url\":\"https:\\\/\\\/alfieri-immobiliare.com\\\/es\\\/\",\"logo\":{\"@type\":\"ImageObject\",\"inLanguage\":\"es\",\"@id\":\"https:\\\/\\\/alfieri-immobiliare.com\\\/es\\\/#\\\/schema\\\/logo\\\/image\\\/\",\"url\":\"https:\\\/\\\/alfieri-immobiliare.com\\\/wp-content\\\/uploads\\\/2019\\\/04\\\/alfieri-rooms-logo-white.png\",\"contentUrl\":\"https:\\\/\\\/alfieri-immobiliare.com\\\/wp-content\\\/uploads\\\/2019\\\/04\\\/alfieri-rooms-logo-white.png\",\"width\":128,\"height\":30,\"caption\":\"Alfieri Rooms\"},\"image\":{\"@id\":\"https:\\\/\\\/alfieri-immobiliare.com\\\/es\\\/#\\\/schema\\\/logo\\\/image\\\/\"}}]}<\/script>\n<!-- \/ Yoast SEO plugin. -->","yoast_head_json":{"title":"Senda de los Dioses - Alfieri Immobiliare - Amalfi - Real estate & Vacation rentals","robots":{"index":"index","follow":"follow","max-snippet":"max-snippet:-1","max-image-preview":"max-image-preview:large","max-video-preview":"max-video-preview:-1"},"canonical":"https:\/\/alfieri-immobiliare.com\/es\/escursioni\/senda-de-los-dioses\/","og_locale":"es_ES","og_type":"article","og_title":"Senda de los Dioses - Alfieri Immobiliare - Amalfi - Real estate & Vacation rentals","og_description":"&#8221; Senda de los Dioses &#8220; &nbsp; La excursi\u00f3n por la&#8221;Senda de los Dioses&#8221; ofrece una vista espl\u00e9ndida de los paisajes costeros y de monta\u00f1a desde Positano hasta Capri. Por un sendero guiado que sube [&hellip;]","og_url":"https:\/\/alfieri-immobiliare.com\/es\/escursioni\/senda-de-los-dioses\/","og_site_name":"Alfieri Immobiliare - Amalfi - Real estate & Vacation rentals","article_modified_time":"2020-04-27T12:19:17+00:00","og_image":[{"url":"https:\/\/alfieri-immobiliare.com\/wp-content\/uploads\/2017\/11\/Sentiero1-300x200.png","type":"","width":"","height":""}],"twitter_card":"summary_large_image","twitter_misc":{"Tiempo de lectura":"1 minuto"},"schema":{"@context":"https:\/\/schema.org","@graph":[{"@type":"WebPage","@id":"https:\/\/alfieri-immobiliare.com\/es\/escursioni\/senda-de-los-dioses\/","url":"https:\/\/alfieri-immobiliare.com\/es\/escursioni\/senda-de-los-dioses\/","name":"Senda de los Dioses - Alfieri Immobiliare - Amalfi - Real estate & Vacation rentals","isPartOf":{"@id":"https:\/\/alfieri-immobiliare.com\/es\/#website"},"primaryImageOfPage":{"@id":"https:\/\/alfieri-immobiliare.com\/es\/escursioni\/senda-de-los-dioses\/#primaryimage"},"image":{"@id":"https:\/\/alfieri-immobiliare.com\/es\/escursioni\/senda-de-los-dioses\/#primaryimage"},"thumbnailUrl":"https:\/\/alfieri-immobiliare.com\/wp-content\/uploads\/2017\/11\/Sentiero1-300x200.png","datePublished":"2020-04-24T10:00:28+00:00","dateModified":"2020-04-27T12:19:17+00:00","breadcrumb":{"@id":"https:\/\/alfieri-immobiliare.com\/es\/escursioni\/senda-de-los-dioses\/#breadcrumb"},"inLanguage":"es","potentialAction":[{"@type":"ReadAction","target":["https:\/\/alfieri-immobiliare.com\/es\/escursioni\/senda-de-los-dioses\/"]}]},{"@type":"ImageObject","inLanguage":"es","@id":"https:\/\/alfieri-immobiliare.com\/es\/escursioni\/senda-de-los-dioses\/#primaryimage","url":"https:\/\/alfieri-immobiliare.com\/wp-content\/uploads\/2017\/11\/Sentiero1-300x200.png","contentUrl":"https:\/\/alfieri-immobiliare.com\/wp-content\/uploads\/2017\/11\/Sentiero1-300x200.png"},{"@type":"BreadcrumbList","@id":"https:\/\/alfieri-immobiliare.com\/es\/escursioni\/senda-de-los-dioses\/#breadcrumb","itemListElement":[{"@type":"ListItem","position":1,"name":"Home","item":"https:\/\/alfieri-immobiliare.com\/es\/nuova-home\/"},{"@type":"ListItem","position":2,"name":"Excursiones y Recorridos","item":"https:\/\/alfieri-immobiliare.com\/es\/escursioni\/"},{"@type":"ListItem","position":3,"name":"Senda de los Dioses"}]},{"@type":"WebSite","@id":"https:\/\/alfieri-immobiliare.com\/es\/#website","url":"https:\/\/alfieri-immobiliare.com\/es\/","name":"Alfieri Immobiliare - Amalfi - Real estate & Vacation rentals","description":"Real estate & Vacation rentals","publisher":{"@id":"https:\/\/alfieri-immobiliare.com\/es\/#organization"},"potentialAction":[{"@type":"SearchAction","target":{"@type":"EntryPoint","urlTemplate":"https:\/\/alfieri-immobiliare.com\/es\/?s={search_term_string}"},"query-input":{"@type":"PropertyValueSpecification","valueRequired":true,"valueName":"search_term_string"}}],"inLanguage":"es"},{"@type":"Organization","@id":"https:\/\/alfieri-immobiliare.com\/es\/#organization","name":"Alfieri Rooms","url":"https:\/\/alfieri-immobiliare.com\/es\/","logo":{"@type":"ImageObject","inLanguage":"es","@id":"https:\/\/alfieri-immobiliare.com\/es\/#\/schema\/logo\/image\/","url":"https:\/\/alfieri-immobiliare.com\/wp-content\/uploads\/2019\/04\/alfieri-rooms-logo-white.png","contentUrl":"https:\/\/alfieri-immobiliare.com\/wp-content\/uploads\/2019\/04\/alfieri-rooms-logo-white.png","width":128,"height":30,"caption":"Alfieri Rooms"},"image":{"@id":"https:\/\/alfieri-immobiliare.com\/es\/#\/schema\/logo\/image\/"}}]}},"_links":{"self":[{"href":"https:\/\/alfieri-immobiliare.com\/es\/wp-json\/wp\/v2\/pages\/5916","targetHints":{"allow":["GET"]}}],"collection":[{"href":"https:\/\/alfieri-immobiliare.com\/es\/wp-json\/wp\/v2\/pages"}],"about":[{"href":"https:\/\/alfieri-immobiliare.com\/es\/wp-json\/wp\/v2\/types\/page"}],"author":[{"embeddable":true,"href":"https:\/\/alfieri-immobiliare.com\/es\/wp-json\/wp\/v2\/users\/3"}],"replies":[{"embeddable":true,"href":"https:\/\/alfieri-immobiliare.com\/es\/wp-json\/wp\/v2\/comments?post=5916"}],"version-history":[{"count":0,"href":"https:\/\/alfieri-immobiliare.com\/es\/wp-json\/wp\/v2\/pages\/5916\/revisions"}],"up":[{"embeddable":true,"href":"https:\/\/alfieri-immobiliare.com\/es\/wp-json\/wp\/v2\/pages\/5847"}],"wp:attachment":[{"href":"https:\/\/alfieri-immobiliare.com\/es\/wp-json\/wp\/v2\/media?parent=5916"}],"curies":[{"name":"wp","href":"https:\/\/api.w.org\/{rel}","templated":true}]}}