{"id":5873,"date":"2020-04-24T11:17:51","date_gmt":"2020-04-24T09:17:51","guid":{"rendered":"https:\/\/demo.alfierirooms.com\/?page_id=5873"},"modified":"2023-01-11T10:13:32","modified_gmt":"2023-01-11T09:13:32","slug":"escursioni-in-barca","status":"publish","type":"page","link":"https:\/\/alfieri-immobiliare.com\/es\/escursioni\/escursioni-in-barca\/","title":{"rendered":"Excursiones en barco"},"content":{"rendered":"<div class=\"wpb-content-wrapper\"><p>[vc_row][vc_column][vc_column_text]<\/p>\n<h1 style=\"text-align: center;\"><span style=\"color: #4088ab;\">Excursiones en barco<\/span><\/h1>\n<p>&nbsp;<\/p>\n<p><center><br \/>\n<img fetchpriority=\"high\" decoding=\"async\" class=\"alignnone wp-image-1147 size-medium\" src=\"https:\/\/alfieri-immobiliare.com\/wp-content\/uploads\/2017\/11\/Barca1-300x200.png\" alt=\"\" width=\"300\" height=\"200\" \/> <img decoding=\"async\" class=\"alignnone wp-image-1148 size-medium\" src=\"https:\/\/alfieri-immobiliare.com\/wp-content\/uploads\/2017\/11\/Barca2-300x200.png\" alt=\"\" width=\"300\" height=\"200\" \/> <img decoding=\"async\" class=\"alignnone wp-image-1149 size-medium\" src=\"https:\/\/alfieri-immobiliare.com\/wp-content\/uploads\/2017\/11\/Barca3-300x200.png\" alt=\"\" width=\"300\" height=\"200\" \/> <img loading=\"lazy\" decoding=\"async\" class=\"alignnone wp-image-1150 size-medium\" src=\"https:\/\/alfieri-immobiliare.com\/wp-content\/uploads\/2017\/11\/Barca4-300x200.png\" alt=\"\" width=\"300\" height=\"200\" \/> <img loading=\"lazy\" decoding=\"async\" class=\"alignnone wp-image-1151 size-medium\" src=\"https:\/\/alfieri-immobiliare.com\/wp-content\/uploads\/2017\/11\/Barca5-300x200.png\" alt=\"\" width=\"300\" height=\"200\" \/> <img loading=\"lazy\" decoding=\"async\" class=\"alignnone wp-image-1152 size-medium\" src=\"https:\/\/alfieri-immobiliare.com\/wp-content\/uploads\/2017\/11\/Barca6-300x200.png\" alt=\"\" width=\"300\" height=\"200\" \/><\/center><strong>Excursiones en barco<\/strong><\/p>\n<p>Descubrir la <strong>Costa de Amalfi<\/strong> desde el mar es una experiencia sin igual y puedes hacerlo planificando un itinerario personalizado a bordo de uno de nuestros c\u00f3modos barcos. Un d\u00eda en barco (salida a las 10.00 y regreso a las 17.00) es la soluci\u00f3n ideal para disfrutar de una visi\u00f3n completa de la maravillosa <strong>Costa de Amalfi<\/strong>. Por otras necesidades, podr\u00edamos concentrar igualmente lo mejor de la Costa en un recorrido reducido de 4 horas (de 9.00 a 13.00 o de 14.00 a 18.00). A bordo de nuestros barcos (con una capacidad m\u00e1xima de 8 personas) encontrar\u00e1s cojines para tomar el sol, toldos y duchas, visitar\u00e1s los rincones m\u00e1s sorprendentes de la <strong>Divina Costa<\/strong> en un itinerario que pueda satisfacer todas tus necesidades. Tendr\u00e1s la oportunidad de admirar algunas de las atracciones m\u00e1s fascinantes de la <strong>Costa de Amalfi<\/strong>, como la <strong>Cueva de Pandora<\/strong>, las <strong>Cascadas\u00a0de Marmorata<\/strong>, el arco natural, el \u201c<strong>Capo di Conca<\/strong>\u201d, la <strong>Gruta Esmeralda<\/strong>, el \u201c<strong>Fiordo di Furore<\/strong>\u201d y las islas de <strong>Ischia<\/strong> y de <strong>Capri<\/strong>. Dependiendo del tipo y duraci\u00f3n del recorrido, se pueden hacer unas paradas con tiempo libre para visitar los sitios m\u00e1s hermosos de la <strong>Costa de Amalfi<\/strong> como <strong>Amalfi<\/strong> y <strong>Positano<\/strong>. La pausa para el almuerzo, para aquellos que tengan un d\u00eda completo a disposici\u00f3n, ser\u00e1 la ocasi\u00f3n ideal para saborear la delicadeza de los platos t\u00edpicos de la tradici\u00f3n gastron\u00f3mica local ofrecidos por algunos restaurantes caracter\u00edsticos ubicados en hermosas y peque\u00f1as playas. Una parada para nadar y zambullirse en las aguas cristalinas de las bah\u00edas costeras \u00a1es algo maravilloso que no te puedes perder durante esta emocionante experiencia!<\/p>\n<p>&nbsp;<\/p>\n<p>Incluido:<\/p>\n<ul>\n<li>Tour a lo largo de la costa de Amalfi (salida Atrani-Amalfi)<\/li>\n<li>Patr\u00f3n experimentado<\/li>\n<li>Parada para visitar la Gruta Esmeralda (costo del boleto no incluido)<\/li>\n<li>Parada para el ba\u00f1o<\/li>\n<li>Toallas de playa<\/li>\n<li>Refrescos y Prosecco<\/li>\n<\/ul>\n<p>[\/vc_column_text]<div style=\"clear:both; width:100%; height:50px\"><\/div>[vc_gallery type=&#8221;image_grid&#8221; images=&#8221;3242,3244,3246,3248,3250,3252,6936,6930,6924,6921,6918,6915,6947,6950,6953&#8243;][\/vc_column][\/vc_row]<\/p>\n<\/div>","protected":false},"excerpt":{"rendered":"<p>[vc_row][vc_column][vc_column_text] Excursiones en barco &nbsp; Excursiones en barco Descubrir la Costa de Amalfi desde el mar es una experiencia sin igual y puedes hacerlo planificando un itinerario personalizado a bordo de uno de nuestros c\u00f3modos [&hellip;]<\/p>\n","protected":false},"author":3,"featured_media":0,"parent":5847,"menu_order":0,"comment_status":"closed","ping_status":"closed","template":"","meta":{"footnotes":""},"class_list":["post-5873","page","type-page","status-publish","hentry"],"yoast_head":"<!-- This site is optimized with the Yoast SEO plugin v27.4 - https:\/\/yoast.com\/product\/yoast-seo-wordpress\/ -->\n<title>Excursiones en barco - Alfieri Immobiliare - Amalfi - Real estate &amp; Vacation rentals<\/title>\n<meta name=\"robots\" content=\"index, follow, max-snippet:-1, max-image-preview:large, max-video-preview:-1\" \/>\n<link rel=\"canonical\" href=\"https:\/\/alfieri-immobiliare.com\/es\/escursioni\/escursioni-in-barca\/\" \/>\n<meta property=\"og:locale\" content=\"es_ES\" \/>\n<meta property=\"og:type\" content=\"article\" \/>\n<meta property=\"og:title\" content=\"Excursiones en barco - Alfieri Immobiliare - Amalfi - Real estate &amp; Vacation rentals\" \/>\n<meta property=\"og:description\" content=\"[vc_row][vc_column][vc_column_text] Excursiones en barco &nbsp; Excursiones en barco Descubrir la Costa de Amalfi desde el mar es una experiencia sin igual y puedes hacerlo planificando un itinerario personalizado a bordo de uno de nuestros c\u00f3modos [&hellip;]\" \/>\n<meta property=\"og:url\" content=\"https:\/\/alfieri-immobiliare.com\/es\/escursioni\/escursioni-in-barca\/\" \/>\n<meta property=\"og:site_name\" content=\"Alfieri Immobiliare - Amalfi - Real estate &amp; Vacation rentals\" \/>\n<meta property=\"article:modified_time\" content=\"2023-01-11T09:13:32+00:00\" \/>\n<meta property=\"og:image\" content=\"https:\/\/alfieri-immobiliare.com\/wp-content\/uploads\/2017\/11\/Barca1-300x200.png\" \/>\n<meta name=\"twitter:card\" content=\"summary_large_image\" \/>\n<meta name=\"twitter:label1\" content=\"Tiempo de lectura\" \/>\n\t<meta name=\"twitter:data1\" content=\"3 minutos\" \/>\n<script type=\"application\/ld+json\" class=\"yoast-schema-graph\">{\"@context\":\"https:\\\/\\\/schema.org\",\"@graph\":[{\"@type\":\"WebPage\",\"@id\":\"https:\\\/\\\/alfieri-immobiliare.com\\\/es\\\/escursioni\\\/escursioni-in-barca\\\/\",\"url\":\"https:\\\/\\\/alfieri-immobiliare.com\\\/es\\\/escursioni\\\/escursioni-in-barca\\\/\",\"name\":\"Excursiones en barco - Alfieri Immobiliare - Amalfi - Real estate & Vacation rentals\",\"isPartOf\":{\"@id\":\"https:\\\/\\\/alfieri-immobiliare.com\\\/es\\\/#website\"},\"primaryImageOfPage\":{\"@id\":\"https:\\\/\\\/alfieri-immobiliare.com\\\/es\\\/escursioni\\\/escursioni-in-barca\\\/#primaryimage\"},\"image\":{\"@id\":\"https:\\\/\\\/alfieri-immobiliare.com\\\/es\\\/escursioni\\\/escursioni-in-barca\\\/#primaryimage\"},\"thumbnailUrl\":\"https:\\\/\\\/alfieri-immobiliare.com\\\/wp-content\\\/uploads\\\/2017\\\/11\\\/Barca1-300x200.png\",\"datePublished\":\"2020-04-24T09:17:51+00:00\",\"dateModified\":\"2023-01-11T09:13:32+00:00\",\"breadcrumb\":{\"@id\":\"https:\\\/\\\/alfieri-immobiliare.com\\\/es\\\/escursioni\\\/escursioni-in-barca\\\/#breadcrumb\"},\"inLanguage\":\"es\",\"potentialAction\":[{\"@type\":\"ReadAction\",\"target\":[\"https:\\\/\\\/alfieri-immobiliare.com\\\/es\\\/escursioni\\\/escursioni-in-barca\\\/\"]}]},{\"@type\":\"ImageObject\",\"inLanguage\":\"es\",\"@id\":\"https:\\\/\\\/alfieri-immobiliare.com\\\/es\\\/escursioni\\\/escursioni-in-barca\\\/#primaryimage\",\"url\":\"https:\\\/\\\/alfieri-immobiliare.com\\\/wp-content\\\/uploads\\\/2017\\\/11\\\/Barca1-300x200.png\",\"contentUrl\":\"https:\\\/\\\/alfieri-immobiliare.com\\\/wp-content\\\/uploads\\\/2017\\\/11\\\/Barca1-300x200.png\"},{\"@type\":\"BreadcrumbList\",\"@id\":\"https:\\\/\\\/alfieri-immobiliare.com\\\/es\\\/escursioni\\\/escursioni-in-barca\\\/#breadcrumb\",\"itemListElement\":[{\"@type\":\"ListItem\",\"position\":1,\"name\":\"Home\",\"item\":\"https:\\\/\\\/alfieri-immobiliare.com\\\/es\\\/nuova-home\\\/\"},{\"@type\":\"ListItem\",\"position\":2,\"name\":\"Excursiones y Recorridos\",\"item\":\"https:\\\/\\\/alfieri-immobiliare.com\\\/es\\\/escursioni\\\/\"},{\"@type\":\"ListItem\",\"position\":3,\"name\":\"Excursiones en barco\"}]},{\"@type\":\"WebSite\",\"@id\":\"https:\\\/\\\/alfieri-immobiliare.com\\\/es\\\/#website\",\"url\":\"https:\\\/\\\/alfieri-immobiliare.com\\\/es\\\/\",\"name\":\"Alfieri Immobiliare - Amalfi - Real estate & Vacation rentals\",\"description\":\"Real estate & Vacation rentals\",\"publisher\":{\"@id\":\"https:\\\/\\\/alfieri-immobiliare.com\\\/es\\\/#organization\"},\"potentialAction\":[{\"@type\":\"SearchAction\",\"target\":{\"@type\":\"EntryPoint\",\"urlTemplate\":\"https:\\\/\\\/alfieri-immobiliare.com\\\/es\\\/?s={search_term_string}\"},\"query-input\":{\"@type\":\"PropertyValueSpecification\",\"valueRequired\":true,\"valueName\":\"search_term_string\"}}],\"inLanguage\":\"es\"},{\"@type\":\"Organization\",\"@id\":\"https:\\\/\\\/alfieri-immobiliare.com\\\/es\\\/#organization\",\"name\":\"Alfieri Rooms\",\"url\":\"https:\\\/\\\/alfieri-immobiliare.com\\\/es\\\/\",\"logo\":{\"@type\":\"ImageObject\",\"inLanguage\":\"es\",\"@id\":\"https:\\\/\\\/alfieri-immobiliare.com\\\/es\\\/#\\\/schema\\\/logo\\\/image\\\/\",\"url\":\"https:\\\/\\\/alfieri-immobiliare.com\\\/wp-content\\\/uploads\\\/2019\\\/04\\\/alfieri-rooms-logo-white.png\",\"contentUrl\":\"https:\\\/\\\/alfieri-immobiliare.com\\\/wp-content\\\/uploads\\\/2019\\\/04\\\/alfieri-rooms-logo-white.png\",\"width\":128,\"height\":30,\"caption\":\"Alfieri Rooms\"},\"image\":{\"@id\":\"https:\\\/\\\/alfieri-immobiliare.com\\\/es\\\/#\\\/schema\\\/logo\\\/image\\\/\"}}]}<\/script>\n<!-- \/ Yoast SEO plugin. -->","yoast_head_json":{"title":"Excursiones en barco - Alfieri Immobiliare - Amalfi - Real estate & Vacation rentals","robots":{"index":"index","follow":"follow","max-snippet":"max-snippet:-1","max-image-preview":"max-image-preview:large","max-video-preview":"max-video-preview:-1"},"canonical":"https:\/\/alfieri-immobiliare.com\/es\/escursioni\/escursioni-in-barca\/","og_locale":"es_ES","og_type":"article","og_title":"Excursiones en barco - Alfieri Immobiliare - Amalfi - Real estate & Vacation rentals","og_description":"[vc_row][vc_column][vc_column_text] Excursiones en barco &nbsp; Excursiones en barco Descubrir la Costa de Amalfi desde el mar es una experiencia sin igual y puedes hacerlo planificando un itinerario personalizado a bordo de uno de nuestros c\u00f3modos [&hellip;]","og_url":"https:\/\/alfieri-immobiliare.com\/es\/escursioni\/escursioni-in-barca\/","og_site_name":"Alfieri Immobiliare - Amalfi - Real estate & Vacation rentals","article_modified_time":"2023-01-11T09:13:32+00:00","og_image":[{"url":"https:\/\/alfieri-immobiliare.com\/wp-content\/uploads\/2017\/11\/Barca1-300x200.png","type":"","width":"","height":""}],"twitter_card":"summary_large_image","twitter_misc":{"Tiempo de lectura":"3 minutos"},"schema":{"@context":"https:\/\/schema.org","@graph":[{"@type":"WebPage","@id":"https:\/\/alfieri-immobiliare.com\/es\/escursioni\/escursioni-in-barca\/","url":"https:\/\/alfieri-immobiliare.com\/es\/escursioni\/escursioni-in-barca\/","name":"Excursiones en barco - Alfieri Immobiliare - Amalfi - Real estate & Vacation rentals","isPartOf":{"@id":"https:\/\/alfieri-immobiliare.com\/es\/#website"},"primaryImageOfPage":{"@id":"https:\/\/alfieri-immobiliare.com\/es\/escursioni\/escursioni-in-barca\/#primaryimage"},"image":{"@id":"https:\/\/alfieri-immobiliare.com\/es\/escursioni\/escursioni-in-barca\/#primaryimage"},"thumbnailUrl":"https:\/\/alfieri-immobiliare.com\/wp-content\/uploads\/2017\/11\/Barca1-300x200.png","datePublished":"2020-04-24T09:17:51+00:00","dateModified":"2023-01-11T09:13:32+00:00","breadcrumb":{"@id":"https:\/\/alfieri-immobiliare.com\/es\/escursioni\/escursioni-in-barca\/#breadcrumb"},"inLanguage":"es","potentialAction":[{"@type":"ReadAction","target":["https:\/\/alfieri-immobiliare.com\/es\/escursioni\/escursioni-in-barca\/"]}]},{"@type":"ImageObject","inLanguage":"es","@id":"https:\/\/alfieri-immobiliare.com\/es\/escursioni\/escursioni-in-barca\/#primaryimage","url":"https:\/\/alfieri-immobiliare.com\/wp-content\/uploads\/2017\/11\/Barca1-300x200.png","contentUrl":"https:\/\/alfieri-immobiliare.com\/wp-content\/uploads\/2017\/11\/Barca1-300x200.png"},{"@type":"BreadcrumbList","@id":"https:\/\/alfieri-immobiliare.com\/es\/escursioni\/escursioni-in-barca\/#breadcrumb","itemListElement":[{"@type":"ListItem","position":1,"name":"Home","item":"https:\/\/alfieri-immobiliare.com\/es\/nuova-home\/"},{"@type":"ListItem","position":2,"name":"Excursiones y Recorridos","item":"https:\/\/alfieri-immobiliare.com\/es\/escursioni\/"},{"@type":"ListItem","position":3,"name":"Excursiones en barco"}]},{"@type":"WebSite","@id":"https:\/\/alfieri-immobiliare.com\/es\/#website","url":"https:\/\/alfieri-immobiliare.com\/es\/","name":"Alfieri Immobiliare - Amalfi - Real estate & Vacation rentals","description":"Real estate & Vacation rentals","publisher":{"@id":"https:\/\/alfieri-immobiliare.com\/es\/#organization"},"potentialAction":[{"@type":"SearchAction","target":{"@type":"EntryPoint","urlTemplate":"https:\/\/alfieri-immobiliare.com\/es\/?s={search_term_string}"},"query-input":{"@type":"PropertyValueSpecification","valueRequired":true,"valueName":"search_term_string"}}],"inLanguage":"es"},{"@type":"Organization","@id":"https:\/\/alfieri-immobiliare.com\/es\/#organization","name":"Alfieri Rooms","url":"https:\/\/alfieri-immobiliare.com\/es\/","logo":{"@type":"ImageObject","inLanguage":"es","@id":"https:\/\/alfieri-immobiliare.com\/es\/#\/schema\/logo\/image\/","url":"https:\/\/alfieri-immobiliare.com\/wp-content\/uploads\/2019\/04\/alfieri-rooms-logo-white.png","contentUrl":"https:\/\/alfieri-immobiliare.com\/wp-content\/uploads\/2019\/04\/alfieri-rooms-logo-white.png","width":128,"height":30,"caption":"Alfieri Rooms"},"image":{"@id":"https:\/\/alfieri-immobiliare.com\/es\/#\/schema\/logo\/image\/"}}]}},"_links":{"self":[{"href":"https:\/\/alfieri-immobiliare.com\/es\/wp-json\/wp\/v2\/pages\/5873","targetHints":{"allow":["GET"]}}],"collection":[{"href":"https:\/\/alfieri-immobiliare.com\/es\/wp-json\/wp\/v2\/pages"}],"about":[{"href":"https:\/\/alfieri-immobiliare.com\/es\/wp-json\/wp\/v2\/types\/page"}],"author":[{"embeddable":true,"href":"https:\/\/alfieri-immobiliare.com\/es\/wp-json\/wp\/v2\/users\/3"}],"replies":[{"embeddable":true,"href":"https:\/\/alfieri-immobiliare.com\/es\/wp-json\/wp\/v2\/comments?post=5873"}],"version-history":[{"count":0,"href":"https:\/\/alfieri-immobiliare.com\/es\/wp-json\/wp\/v2\/pages\/5873\/revisions"}],"up":[{"embeddable":true,"href":"https:\/\/alfieri-immobiliare.com\/es\/wp-json\/wp\/v2\/pages\/5847"}],"wp:attachment":[{"href":"https:\/\/alfieri-immobiliare.com\/es\/wp-json\/wp\/v2\/media?parent=5873"}],"curies":[{"name":"wp","href":"https:\/\/api.w.org\/{rel}","templated":true}]}}