{"id":5847,"date":"2020-04-24T10:40:52","date_gmt":"2020-04-24T08:40:52","guid":{"rendered":"https:\/\/demo.alfierirooms.com\/?page_id=5847"},"modified":"2020-04-27T14:05:33","modified_gmt":"2020-04-27T12:05:33","slug":"escursioni","status":"publish","type":"page","link":"https:\/\/alfieri-immobiliare.com\/es\/escursioni\/","title":{"rendered":"Excursiones y Recorridos"},"content":{"rendered":"<h1 style=\"text-align: center;\"><span style=\"color: #4088ab;\">\u00a0&#8221; Excursiones y Recorridos &#8220;<\/span><\/h1>\n<p>&nbsp;<\/p>\n<p style=\"text-align: center;\">A trav\u00e9s del servicio de <strong>excursiones<\/strong>, tendr\u00e1s la oportunidad de disfrutar de nuestros maravillosos paisajes tanto por tierra como por mar.<\/p>\n<p style=\"text-align: center;\">Explorar la <strong>Costa de Amalfi<\/strong> desde el mar es una experiencia incomparable y puedes hacerlo planeando un itinerario personalizado a bordo de uno de nuestros c\u00f3modos barcos.<\/p>\n<p style=\"text-align: center;\">Otro lado maravilloso de la <strong>Costa de Amalfi<\/strong> est\u00e1 representado por las sendas.<\/p>\n<p style=\"text-align: center;\">Caminando, se encuentran los t\u00edpicos pueblos ricos en historia y tradici\u00f3n. Seg\u00fan tus necesidades, realizaremos una ruta que pueda ser adecuada para tus solicitudes. Nuestros gu\u00edas te acompa\u00f1ar\u00e1n y describir\u00e1n con m\u00e1s detalle las maravillas que encontrar\u00e1s de vez en cuando en tu camino.<\/p>\n<p>&nbsp;<\/p>\n<h1 style=\"text-align: center;\"><span style=\"color: #4088ab;\">&#8221; Nuestras Excursiones &#8220;<\/span><\/h1>\n<p><center><br \/>\n<a href=\"https:\/\/alfieri-immobiliare.com\/escursioni\/escursioni-in-barca\/\"><img fetchpriority=\"high\" decoding=\"async\" class=\"alignnone wp-image-987 size-medium\" src=\"https:\/\/alfieri-immobiliare.com\/wp-content\/uploads\/2017\/11\/Barca-300x200.png\" alt=\"\" width=\"300\" height=\"200\" \/><\/a> <a href=\"https:\/\/alfieri-immobiliare.com\/escursioni\/il-sentiero-degli-dei\/\"><img decoding=\"async\" class=\"alignnone wp-image-988 size-medium\" src=\"https:\/\/alfieri-immobiliare.com\/wp-content\/uploads\/2017\/11\/Sentiero-degli-dei-300x200.png\" alt=\"\" width=\"300\" height=\"200\" \/><\/a> <a href=\"https:\/\/alfieri-immobiliare.com\/escursioni\/la-valle-dei-mulini\/\"><img decoding=\"async\" class=\"alignnone wp-image-990 size-medium\" src=\"https:\/\/alfieri-immobiliare.com\/wp-content\/uploads\/2017\/11\/Valle-dei-mulini-300x200.png\" alt=\"\" width=\"300\" height=\"200\" \/><\/a> <a href=\"https:\/\/alfieri-immobiliare.com\/escursioni\/torre-dello-ziro\/\"><img loading=\"lazy\" decoding=\"async\" class=\"alignnone wp-image-989 size-medium\" src=\"https:\/\/alfieri-immobiliare.com\/wp-content\/uploads\/2017\/11\/torre-dello-ziro-300x200.png\" alt=\"\" width=\"300\" height=\"200\" \/><\/a><\/center><\/p>\n","protected":false},"excerpt":{"rendered":"<p>\u00a0&#8221; Excursiones y Recorridos &#8220; &nbsp; A trav\u00e9s del servicio de excursiones, tendr\u00e1s la oportunidad de disfrutar de nuestros maravillosos paisajes tanto por tierra como por mar. Explorar la Costa de Amalfi desde el mar [&hellip;]<\/p>\n","protected":false},"author":3,"featured_media":0,"parent":0,"menu_order":0,"comment_status":"closed","ping_status":"closed","template":"","meta":{"footnotes":""},"class_list":["post-5847","page","type-page","status-publish","hentry"],"yoast_head":"<!-- This site is optimized with the Yoast SEO plugin v27.2 - https:\/\/yoast.com\/product\/yoast-seo-wordpress\/ -->\n<title>Excursiones y Recorridos - Alfieri Immobiliare - Amalfi - Real estate &amp; Vacation rentals<\/title>\n<meta name=\"robots\" content=\"index, follow, max-snippet:-1, max-image-preview:large, max-video-preview:-1\" \/>\n<link rel=\"canonical\" href=\"https:\/\/alfieri-immobiliare.com\/es\/escursioni\/\" \/>\n<meta property=\"og:locale\" content=\"es_ES\" \/>\n<meta property=\"og:type\" content=\"article\" \/>\n<meta property=\"og:title\" content=\"Excursiones y Recorridos - Alfieri Immobiliare - Amalfi - Real estate &amp; Vacation rentals\" \/>\n<meta property=\"og:description\" content=\"\u00a0&#8221; Excursiones y Recorridos &#8220; &nbsp; A trav\u00e9s del servicio de excursiones, tendr\u00e1s la oportunidad de disfrutar de nuestros maravillosos paisajes tanto por tierra como por mar. Explorar la Costa de Amalfi desde el mar [&hellip;]\" \/>\n<meta property=\"og:url\" content=\"https:\/\/alfieri-immobiliare.com\/es\/escursioni\/\" \/>\n<meta property=\"og:site_name\" content=\"Alfieri Immobiliare - Amalfi - Real estate &amp; Vacation rentals\" \/>\n<meta property=\"article:modified_time\" content=\"2020-04-27T12:05:33+00:00\" \/>\n<meta property=\"og:image\" content=\"https:\/\/alfieri-immobiliare.com\/wp-content\/uploads\/2017\/11\/Barca-300x200.png\" \/>\n<meta name=\"twitter:card\" content=\"summary_large_image\" \/>\n<meta name=\"twitter:label1\" content=\"Tiempo de lectura\" \/>\n\t<meta name=\"twitter:data1\" content=\"1 minuto\" \/>\n<script type=\"application\/ld+json\" class=\"yoast-schema-graph\">{\"@context\":\"https:\/\/schema.org\",\"@graph\":[{\"@type\":\"WebPage\",\"@id\":\"https:\/\/alfieri-immobiliare.com\/es\/escursioni\/\",\"url\":\"https:\/\/alfieri-immobiliare.com\/es\/escursioni\/\",\"name\":\"Excursiones y Recorridos - Alfieri Immobiliare - Amalfi - Real estate & Vacation rentals\",\"isPartOf\":{\"@id\":\"https:\/\/alfieri-immobiliare.com\/es\/#website\"},\"primaryImageOfPage\":{\"@id\":\"https:\/\/alfieri-immobiliare.com\/es\/escursioni\/#primaryimage\"},\"image\":{\"@id\":\"https:\/\/alfieri-immobiliare.com\/es\/escursioni\/#primaryimage\"},\"thumbnailUrl\":\"https:\/\/alfieri-immobiliare.com\/wp-content\/uploads\/2017\/11\/Barca-300x200.png\",\"datePublished\":\"2020-04-24T08:40:52+00:00\",\"dateModified\":\"2020-04-27T12:05:33+00:00\",\"breadcrumb\":{\"@id\":\"https:\/\/alfieri-immobiliare.com\/es\/escursioni\/#breadcrumb\"},\"inLanguage\":\"es\",\"potentialAction\":[{\"@type\":\"ReadAction\",\"target\":[\"https:\/\/alfieri-immobiliare.com\/es\/escursioni\/\"]}]},{\"@type\":\"ImageObject\",\"inLanguage\":\"es\",\"@id\":\"https:\/\/alfieri-immobiliare.com\/es\/escursioni\/#primaryimage\",\"url\":\"https:\/\/alfieri-immobiliare.com\/wp-content\/uploads\/2017\/11\/Barca-300x200.png\",\"contentUrl\":\"https:\/\/alfieri-immobiliare.com\/wp-content\/uploads\/2017\/11\/Barca-300x200.png\"},{\"@type\":\"BreadcrumbList\",\"@id\":\"https:\/\/alfieri-immobiliare.com\/es\/escursioni\/#breadcrumb\",\"itemListElement\":[{\"@type\":\"ListItem\",\"position\":1,\"name\":\"Home\",\"item\":\"https:\/\/alfieri-immobiliare.com\/es\/nuova-home\/\"},{\"@type\":\"ListItem\",\"position\":2,\"name\":\"Excursiones y Recorridos\"}]},{\"@type\":\"WebSite\",\"@id\":\"https:\/\/alfieri-immobiliare.com\/es\/#website\",\"url\":\"https:\/\/alfieri-immobiliare.com\/es\/\",\"name\":\"Alfieri Immobiliare - Amalfi - Real estate & Vacation rentals\",\"description\":\"Real estate & Vacation rentals\",\"publisher\":{\"@id\":\"https:\/\/alfieri-immobiliare.com\/es\/#organization\"},\"potentialAction\":[{\"@type\":\"SearchAction\",\"target\":{\"@type\":\"EntryPoint\",\"urlTemplate\":\"https:\/\/alfieri-immobiliare.com\/es\/?s={search_term_string}\"},\"query-input\":{\"@type\":\"PropertyValueSpecification\",\"valueRequired\":true,\"valueName\":\"search_term_string\"}}],\"inLanguage\":\"es\"},{\"@type\":\"Organization\",\"@id\":\"https:\/\/alfieri-immobiliare.com\/es\/#organization\",\"name\":\"Alfieri Rooms\",\"url\":\"https:\/\/alfieri-immobiliare.com\/es\/\",\"logo\":{\"@type\":\"ImageObject\",\"inLanguage\":\"es\",\"@id\":\"https:\/\/alfieri-immobiliare.com\/es\/#\/schema\/logo\/image\/\",\"url\":\"https:\/\/alfieri-immobiliare.com\/wp-content\/uploads\/2019\/04\/alfieri-rooms-logo-white.png\",\"contentUrl\":\"https:\/\/alfieri-immobiliare.com\/wp-content\/uploads\/2019\/04\/alfieri-rooms-logo-white.png\",\"width\":128,\"height\":30,\"caption\":\"Alfieri Rooms\"},\"image\":{\"@id\":\"https:\/\/alfieri-immobiliare.com\/es\/#\/schema\/logo\/image\/\"}}]}<\/script>\n<!-- \/ Yoast SEO plugin. -->","yoast_head_json":{"title":"Excursiones y Recorridos - Alfieri Immobiliare - Amalfi - Real estate & Vacation rentals","robots":{"index":"index","follow":"follow","max-snippet":"max-snippet:-1","max-image-preview":"max-image-preview:large","max-video-preview":"max-video-preview:-1"},"canonical":"https:\/\/alfieri-immobiliare.com\/es\/escursioni\/","og_locale":"es_ES","og_type":"article","og_title":"Excursiones y Recorridos - Alfieri Immobiliare - Amalfi - Real estate & Vacation rentals","og_description":"\u00a0&#8221; Excursiones y Recorridos &#8220; &nbsp; A trav\u00e9s del servicio de excursiones, tendr\u00e1s la oportunidad de disfrutar de nuestros maravillosos paisajes tanto por tierra como por mar. Explorar la Costa de Amalfi desde el mar [&hellip;]","og_url":"https:\/\/alfieri-immobiliare.com\/es\/escursioni\/","og_site_name":"Alfieri Immobiliare - Amalfi - Real estate & Vacation rentals","article_modified_time":"2020-04-27T12:05:33+00:00","og_image":[{"url":"https:\/\/alfieri-immobiliare.com\/wp-content\/uploads\/2017\/11\/Barca-300x200.png","type":"","width":"","height":""}],"twitter_card":"summary_large_image","twitter_misc":{"Tiempo de lectura":"1 minuto"},"schema":{"@context":"https:\/\/schema.org","@graph":[{"@type":"WebPage","@id":"https:\/\/alfieri-immobiliare.com\/es\/escursioni\/","url":"https:\/\/alfieri-immobiliare.com\/es\/escursioni\/","name":"Excursiones y Recorridos - Alfieri Immobiliare - Amalfi - Real estate & Vacation rentals","isPartOf":{"@id":"https:\/\/alfieri-immobiliare.com\/es\/#website"},"primaryImageOfPage":{"@id":"https:\/\/alfieri-immobiliare.com\/es\/escursioni\/#primaryimage"},"image":{"@id":"https:\/\/alfieri-immobiliare.com\/es\/escursioni\/#primaryimage"},"thumbnailUrl":"https:\/\/alfieri-immobiliare.com\/wp-content\/uploads\/2017\/11\/Barca-300x200.png","datePublished":"2020-04-24T08:40:52+00:00","dateModified":"2020-04-27T12:05:33+00:00","breadcrumb":{"@id":"https:\/\/alfieri-immobiliare.com\/es\/escursioni\/#breadcrumb"},"inLanguage":"es","potentialAction":[{"@type":"ReadAction","target":["https:\/\/alfieri-immobiliare.com\/es\/escursioni\/"]}]},{"@type":"ImageObject","inLanguage":"es","@id":"https:\/\/alfieri-immobiliare.com\/es\/escursioni\/#primaryimage","url":"https:\/\/alfieri-immobiliare.com\/wp-content\/uploads\/2017\/11\/Barca-300x200.png","contentUrl":"https:\/\/alfieri-immobiliare.com\/wp-content\/uploads\/2017\/11\/Barca-300x200.png"},{"@type":"BreadcrumbList","@id":"https:\/\/alfieri-immobiliare.com\/es\/escursioni\/#breadcrumb","itemListElement":[{"@type":"ListItem","position":1,"name":"Home","item":"https:\/\/alfieri-immobiliare.com\/es\/nuova-home\/"},{"@type":"ListItem","position":2,"name":"Excursiones y Recorridos"}]},{"@type":"WebSite","@id":"https:\/\/alfieri-immobiliare.com\/es\/#website","url":"https:\/\/alfieri-immobiliare.com\/es\/","name":"Alfieri Immobiliare - Amalfi - Real estate & Vacation rentals","description":"Real estate & Vacation rentals","publisher":{"@id":"https:\/\/alfieri-immobiliare.com\/es\/#organization"},"potentialAction":[{"@type":"SearchAction","target":{"@type":"EntryPoint","urlTemplate":"https:\/\/alfieri-immobiliare.com\/es\/?s={search_term_string}"},"query-input":{"@type":"PropertyValueSpecification","valueRequired":true,"valueName":"search_term_string"}}],"inLanguage":"es"},{"@type":"Organization","@id":"https:\/\/alfieri-immobiliare.com\/es\/#organization","name":"Alfieri Rooms","url":"https:\/\/alfieri-immobiliare.com\/es\/","logo":{"@type":"ImageObject","inLanguage":"es","@id":"https:\/\/alfieri-immobiliare.com\/es\/#\/schema\/logo\/image\/","url":"https:\/\/alfieri-immobiliare.com\/wp-content\/uploads\/2019\/04\/alfieri-rooms-logo-white.png","contentUrl":"https:\/\/alfieri-immobiliare.com\/wp-content\/uploads\/2019\/04\/alfieri-rooms-logo-white.png","width":128,"height":30,"caption":"Alfieri Rooms"},"image":{"@id":"https:\/\/alfieri-immobiliare.com\/es\/#\/schema\/logo\/image\/"}}]}},"_links":{"self":[{"href":"https:\/\/alfieri-immobiliare.com\/es\/wp-json\/wp\/v2\/pages\/5847","targetHints":{"allow":["GET"]}}],"collection":[{"href":"https:\/\/alfieri-immobiliare.com\/es\/wp-json\/wp\/v2\/pages"}],"about":[{"href":"https:\/\/alfieri-immobiliare.com\/es\/wp-json\/wp\/v2\/types\/page"}],"author":[{"embeddable":true,"href":"https:\/\/alfieri-immobiliare.com\/es\/wp-json\/wp\/v2\/users\/3"}],"replies":[{"embeddable":true,"href":"https:\/\/alfieri-immobiliare.com\/es\/wp-json\/wp\/v2\/comments?post=5847"}],"version-history":[{"count":0,"href":"https:\/\/alfieri-immobiliare.com\/es\/wp-json\/wp\/v2\/pages\/5847\/revisions"}],"wp:attachment":[{"href":"https:\/\/alfieri-immobiliare.com\/es\/wp-json\/wp\/v2\/media?parent=5847"}],"curies":[{"name":"wp","href":"https:\/\/api.w.org\/{rel}","templated":true}]}}