{"id":5632,"date":"2020-04-22T13:56:13","date_gmt":"2020-04-22T11:56:13","guid":{"rendered":"https:\/\/demo.alfierirooms.com\/?page_id=5632"},"modified":"2023-03-08T09:54:49","modified_gmt":"2023-03-08T08:54:49","slug":"chi-siamo","status":"publish","type":"page","link":"https:\/\/alfieri-immobiliare.com\/es\/chi-siamo\/","title":{"rendered":"Con\u00f3cenos"},"content":{"rendered":"<div class=\"wpb-content-wrapper\"><p>[vc_row][vc_column][vc_column_text]<\/p>\n<p>[\/vc_column_text][\/vc_column][\/vc_row][vc_row full_width=&#8221;stretch_row&#8221;][vc_column][vc_empty_space][\/vc_column][\/vc_row][vc_row full_width=&#8221;stretch_row&#8221; equal_height=&#8221;yes&#8221; content_placement=&#8221;middle&#8221; css=&#8221;.vc_custom_1555363876492{background-color: #ffffff !important;}&#8221;][vc_column width=&#8221;1\/2&#8243;][vc_single_image image=&#8221;8155&#8243; img_size=&#8221;large&#8221;][\/vc_column][vc_column width=&#8221;1\/2&#8243;][vc_column_text]<\/p>\n<h2 style=\"text-align: center;\"><strong>Con\u00f3cenos<\/strong><\/h2>\n<p>&nbsp;<\/p>\n<p>La agencia Alfieri Immobiliare desarrolla su actividad en el sector de la intermediaci\u00f3n inmobiliaria con el objetivo de fomentar y facilitar, ofreciendo sus muchos a\u00f1os de experiencia cualificada, el encuentro entre aquellos que desean comprar, vender, intercambiar, alquilar y disponer de unidades individuales o activos inmobiliarios completos.<\/p>\n<p>Aseguramos una asistencia global y completa en cada etapa de la venta y nos adaptamos con flexibilidad a las caracter\u00edsticas de los encargos, garantizando profesionalidad, fiabilidad, precisi\u00f3n y confidencialidad.<\/p>\n<p>La agencia est\u00e1 registrada en la asociaci\u00f3n comercial F.I.M.A.A. Salerno, adhiri\u00e9ndose al sistema Confcommercio-Imprese per l&#8217;Italia.<\/p>\n<p>Para los hu\u00e9spedes que deseen alojarse en la costa de Amalfi, la agencia &#8220;Alfieri rooms &amp; services&#8221; cuenta con varias soluciones de alojamiento y ofrece, para aquellos que lo solicitan, tambi\u00e9n servicios como excursiones, traslados desde \/ hacia el aeropuerto, clases de cocina y mucho m\u00e1s.<br \/>\nEl propietario de la agencia, Luca Alfieri, un agente de bienes ra\u00edces, tiene una maestr\u00eda en &#8220;Gesti\u00f3n de hospitalidad&#8221; y tambi\u00e9n es responsable del l\u00edder de la comunidad de Airbnb para la costa de Amalfi y las islas.<\/p>\n<p>Aqu\u00ed siempre encontrar\u00e1 una c\u00e1lida bienvenida, servicios c\u00f3modos y muchas actividades para hacer, tanto en verano como en invierno.<\/p>\n<p style=\"text-align: left;\">\u201c<i>&#8230;perch\u00e9 la costiera d&#8217; Amalfi vi far\u00e0 lo stesso effetto che a guardar f\u00ecssi nel disco del Sole; vi troverete abbagliati e per qualche tempo non sarete capaci di veder altro\u201d<\/i> cit. <span lang=\"en-US\">Renato Fucini<\/span><\/p>\n<p style=\"text-align: left;\"><span lang=\"en-US\">Te espero,<\/span><\/p>\n<h2 style=\"text-align: left;\"><em><span lang=\"en-US\">Luca Alfieri <\/span><\/em><\/h2>\n<p>[\/vc_column_text][\/vc_column][\/vc_row]<\/p>\n<\/div>","protected":false},"excerpt":{"rendered":"<p>[vc_row][vc_column][vc_column_text] [\/vc_column_text][\/vc_column][\/vc_row][vc_row full_width=&#8221;stretch_row&#8221;][vc_column][vc_empty_space][\/vc_column][\/vc_row][vc_row full_width=&#8221;stretch_row&#8221; equal_height=&#8221;yes&#8221; content_placement=&#8221;middle&#8221; css=&#8221;.vc_custom_1555363876492{background-color: #ffffff !important;}&#8221;][vc_column width=&#8221;1\/2&#8243;][vc_single_image image=&#8221;8155&#8243; img_size=&#8221;large&#8221;][\/vc_column][vc_column width=&#8221;1\/2&#8243;][vc_column_text] Con\u00f3cenos &nbsp; La agencia Alfieri Immobiliare desarrolla su actividad en el sector de la intermediaci\u00f3n inmobiliaria con el objetivo de fomentar y [&hellip;]<\/p>\n","protected":false},"author":3,"featured_media":0,"parent":0,"menu_order":0,"comment_status":"closed","ping_status":"closed","template":"","meta":{"footnotes":""},"class_list":["post-5632","page","type-page","status-publish","hentry"],"yoast_head":"<!-- This site is optimized with the Yoast SEO plugin v27.5 - https:\/\/yoast.com\/product\/yoast-seo-wordpress\/ -->\n<title>Con\u00f3cenos - Alfieri Immobiliare - Amalfi - Real estate &amp; Vacation rentals<\/title>\n<meta name=\"robots\" content=\"index, follow, max-snippet:-1, max-image-preview:large, max-video-preview:-1\" \/>\n<link rel=\"canonical\" href=\"https:\/\/alfieri-immobiliare.com\/es\/chi-siamo\/\" \/>\n<meta property=\"og:locale\" content=\"es_ES\" \/>\n<meta property=\"og:type\" content=\"article\" \/>\n<meta property=\"og:title\" content=\"Con\u00f3cenos - Alfieri Immobiliare - Amalfi - Real estate &amp; Vacation rentals\" \/>\n<meta property=\"og:description\" content=\"[vc_row][vc_column][vc_column_text] [\/vc_column_text][\/vc_column][\/vc_row][vc_row full_width=&#8221;stretch_row&#8221;][vc_column][vc_empty_space][\/vc_column][\/vc_row][vc_row full_width=&#8221;stretch_row&#8221; equal_height=&#8221;yes&#8221; content_placement=&#8221;middle&#8221; css=&#8221;.vc_custom_1555363876492{background-color: #ffffff !important;}&#8221;][vc_column width=&#8221;1\/2&#8243;][vc_single_image image=&#8221;8155&#8243; img_size=&#8221;large&#8221;][\/vc_column][vc_column width=&#8221;1\/2&#8243;][vc_column_text] Con\u00f3cenos &nbsp; La agencia Alfieri Immobiliare desarrolla su actividad en el sector de la intermediaci\u00f3n inmobiliaria con el objetivo de fomentar y [&hellip;]\" \/>\n<meta property=\"og:url\" content=\"https:\/\/alfieri-immobiliare.com\/es\/chi-siamo\/\" \/>\n<meta property=\"og:site_name\" content=\"Alfieri Immobiliare - Amalfi - Real estate &amp; Vacation rentals\" \/>\n<meta property=\"article:modified_time\" content=\"2023-03-08T08:54:49+00:00\" \/>\n<meta name=\"twitter:card\" content=\"summary_large_image\" \/>\n<meta name=\"twitter:label1\" content=\"Tiempo de lectura\" \/>\n\t<meta name=\"twitter:data1\" content=\"2 minutos\" \/>\n<script type=\"application\/ld+json\" class=\"yoast-schema-graph\">{\"@context\":\"https:\\\/\\\/schema.org\",\"@graph\":[{\"@type\":\"WebPage\",\"@id\":\"https:\\\/\\\/alfieri-immobiliare.com\\\/es\\\/chi-siamo\\\/\",\"url\":\"https:\\\/\\\/alfieri-immobiliare.com\\\/es\\\/chi-siamo\\\/\",\"name\":\"Con\u00f3cenos - Alfieri Immobiliare - Amalfi - Real estate & Vacation rentals\",\"isPartOf\":{\"@id\":\"https:\\\/\\\/alfieri-immobiliare.com\\\/es\\\/#website\"},\"datePublished\":\"2020-04-22T11:56:13+00:00\",\"dateModified\":\"2023-03-08T08:54:49+00:00\",\"breadcrumb\":{\"@id\":\"https:\\\/\\\/alfieri-immobiliare.com\\\/es\\\/chi-siamo\\\/#breadcrumb\"},\"inLanguage\":\"es\",\"potentialAction\":[{\"@type\":\"ReadAction\",\"target\":[\"https:\\\/\\\/alfieri-immobiliare.com\\\/es\\\/chi-siamo\\\/\"]}]},{\"@type\":\"BreadcrumbList\",\"@id\":\"https:\\\/\\\/alfieri-immobiliare.com\\\/es\\\/chi-siamo\\\/#breadcrumb\",\"itemListElement\":[{\"@type\":\"ListItem\",\"position\":1,\"name\":\"Home\",\"item\":\"https:\\\/\\\/alfieri-immobiliare.com\\\/es\\\/nuova-home\\\/\"},{\"@type\":\"ListItem\",\"position\":2,\"name\":\"Con\u00f3cenos\"}]},{\"@type\":\"WebSite\",\"@id\":\"https:\\\/\\\/alfieri-immobiliare.com\\\/es\\\/#website\",\"url\":\"https:\\\/\\\/alfieri-immobiliare.com\\\/es\\\/\",\"name\":\"Alfieri Immobiliare - Amalfi - Real estate & Vacation rentals\",\"description\":\"Real estate & Vacation rentals\",\"publisher\":{\"@id\":\"https:\\\/\\\/alfieri-immobiliare.com\\\/es\\\/#organization\"},\"potentialAction\":[{\"@type\":\"SearchAction\",\"target\":{\"@type\":\"EntryPoint\",\"urlTemplate\":\"https:\\\/\\\/alfieri-immobiliare.com\\\/es\\\/?s={search_term_string}\"},\"query-input\":{\"@type\":\"PropertyValueSpecification\",\"valueRequired\":true,\"valueName\":\"search_term_string\"}}],\"inLanguage\":\"es\"},{\"@type\":\"Organization\",\"@id\":\"https:\\\/\\\/alfieri-immobiliare.com\\\/es\\\/#organization\",\"name\":\"Alfieri Rooms\",\"url\":\"https:\\\/\\\/alfieri-immobiliare.com\\\/es\\\/\",\"logo\":{\"@type\":\"ImageObject\",\"inLanguage\":\"es\",\"@id\":\"https:\\\/\\\/alfieri-immobiliare.com\\\/es\\\/#\\\/schema\\\/logo\\\/image\\\/\",\"url\":\"https:\\\/\\\/alfieri-immobiliare.com\\\/wp-content\\\/uploads\\\/2019\\\/04\\\/alfieri-rooms-logo-white.png\",\"contentUrl\":\"https:\\\/\\\/alfieri-immobiliare.com\\\/wp-content\\\/uploads\\\/2019\\\/04\\\/alfieri-rooms-logo-white.png\",\"width\":128,\"height\":30,\"caption\":\"Alfieri Rooms\"},\"image\":{\"@id\":\"https:\\\/\\\/alfieri-immobiliare.com\\\/es\\\/#\\\/schema\\\/logo\\\/image\\\/\"}}]}<\/script>\n<!-- \/ Yoast SEO plugin. -->","yoast_head_json":{"title":"Con\u00f3cenos - Alfieri Immobiliare - Amalfi - Real estate & Vacation rentals","robots":{"index":"index","follow":"follow","max-snippet":"max-snippet:-1","max-image-preview":"max-image-preview:large","max-video-preview":"max-video-preview:-1"},"canonical":"https:\/\/alfieri-immobiliare.com\/es\/chi-siamo\/","og_locale":"es_ES","og_type":"article","og_title":"Con\u00f3cenos - Alfieri Immobiliare - Amalfi - Real estate & Vacation rentals","og_description":"[vc_row][vc_column][vc_column_text] [\/vc_column_text][\/vc_column][\/vc_row][vc_row full_width=&#8221;stretch_row&#8221;][vc_column][vc_empty_space][\/vc_column][\/vc_row][vc_row full_width=&#8221;stretch_row&#8221; equal_height=&#8221;yes&#8221; content_placement=&#8221;middle&#8221; css=&#8221;.vc_custom_1555363876492{background-color: #ffffff !important;}&#8221;][vc_column width=&#8221;1\/2&#8243;][vc_single_image image=&#8221;8155&#8243; img_size=&#8221;large&#8221;][\/vc_column][vc_column width=&#8221;1\/2&#8243;][vc_column_text] Con\u00f3cenos &nbsp; La agencia Alfieri Immobiliare desarrolla su actividad en el sector de la intermediaci\u00f3n inmobiliaria con el objetivo de fomentar y [&hellip;]","og_url":"https:\/\/alfieri-immobiliare.com\/es\/chi-siamo\/","og_site_name":"Alfieri Immobiliare - Amalfi - Real estate & Vacation rentals","article_modified_time":"2023-03-08T08:54:49+00:00","twitter_card":"summary_large_image","twitter_misc":{"Tiempo de lectura":"2 minutos"},"schema":{"@context":"https:\/\/schema.org","@graph":[{"@type":"WebPage","@id":"https:\/\/alfieri-immobiliare.com\/es\/chi-siamo\/","url":"https:\/\/alfieri-immobiliare.com\/es\/chi-siamo\/","name":"Con\u00f3cenos - Alfieri Immobiliare - Amalfi - Real estate & Vacation rentals","isPartOf":{"@id":"https:\/\/alfieri-immobiliare.com\/es\/#website"},"datePublished":"2020-04-22T11:56:13+00:00","dateModified":"2023-03-08T08:54:49+00:00","breadcrumb":{"@id":"https:\/\/alfieri-immobiliare.com\/es\/chi-siamo\/#breadcrumb"},"inLanguage":"es","potentialAction":[{"@type":"ReadAction","target":["https:\/\/alfieri-immobiliare.com\/es\/chi-siamo\/"]}]},{"@type":"BreadcrumbList","@id":"https:\/\/alfieri-immobiliare.com\/es\/chi-siamo\/#breadcrumb","itemListElement":[{"@type":"ListItem","position":1,"name":"Home","item":"https:\/\/alfieri-immobiliare.com\/es\/nuova-home\/"},{"@type":"ListItem","position":2,"name":"Con\u00f3cenos"}]},{"@type":"WebSite","@id":"https:\/\/alfieri-immobiliare.com\/es\/#website","url":"https:\/\/alfieri-immobiliare.com\/es\/","name":"Alfieri Immobiliare - Amalfi - Real estate & Vacation rentals","description":"Real estate & Vacation rentals","publisher":{"@id":"https:\/\/alfieri-immobiliare.com\/es\/#organization"},"potentialAction":[{"@type":"SearchAction","target":{"@type":"EntryPoint","urlTemplate":"https:\/\/alfieri-immobiliare.com\/es\/?s={search_term_string}"},"query-input":{"@type":"PropertyValueSpecification","valueRequired":true,"valueName":"search_term_string"}}],"inLanguage":"es"},{"@type":"Organization","@id":"https:\/\/alfieri-immobiliare.com\/es\/#organization","name":"Alfieri Rooms","url":"https:\/\/alfieri-immobiliare.com\/es\/","logo":{"@type":"ImageObject","inLanguage":"es","@id":"https:\/\/alfieri-immobiliare.com\/es\/#\/schema\/logo\/image\/","url":"https:\/\/alfieri-immobiliare.com\/wp-content\/uploads\/2019\/04\/alfieri-rooms-logo-white.png","contentUrl":"https:\/\/alfieri-immobiliare.com\/wp-content\/uploads\/2019\/04\/alfieri-rooms-logo-white.png","width":128,"height":30,"caption":"Alfieri Rooms"},"image":{"@id":"https:\/\/alfieri-immobiliare.com\/es\/#\/schema\/logo\/image\/"}}]}},"_links":{"self":[{"href":"https:\/\/alfieri-immobiliare.com\/es\/wp-json\/wp\/v2\/pages\/5632","targetHints":{"allow":["GET"]}}],"collection":[{"href":"https:\/\/alfieri-immobiliare.com\/es\/wp-json\/wp\/v2\/pages"}],"about":[{"href":"https:\/\/alfieri-immobiliare.com\/es\/wp-json\/wp\/v2\/types\/page"}],"author":[{"embeddable":true,"href":"https:\/\/alfieri-immobiliare.com\/es\/wp-json\/wp\/v2\/users\/3"}],"replies":[{"embeddable":true,"href":"https:\/\/alfieri-immobiliare.com\/es\/wp-json\/wp\/v2\/comments?post=5632"}],"version-history":[{"count":0,"href":"https:\/\/alfieri-immobiliare.com\/es\/wp-json\/wp\/v2\/pages\/5632\/revisions"}],"wp:attachment":[{"href":"https:\/\/alfieri-immobiliare.com\/es\/wp-json\/wp\/v2\/media?parent=5632"}],"curies":[{"name":"wp","href":"https:\/\/api.w.org\/{rel}","templated":true}]}}