{"id":9306,"date":"2024-03-30T08:32:13","date_gmt":"2024-03-30T07:32:13","guid":{"rendered":"https:\/\/demo.alfierirooms.com\/real-estate-consulting\/"},"modified":"2024-03-30T08:32:13","modified_gmt":"2024-03-30T07:32:13","slug":"real-estate-consulting","status":"publish","type":"page","link":"https:\/\/alfieri-immobiliare.com\/en\/real-estate-consulting\/","title":{"rendered":"Real estate consulting"},"content":{"rendered":"<div class=\"wpb-content-wrapper\"><p>[vc_row][vc_column][vc_column_text]<\/p>\n<h2 style=\"text-align: center;\">Real estate consulting<\/h2>\n<p>[\/vc_column_text][\/vc_column][\/vc_row][vc_row][vc_column][vc_tta_tour style=&#8221;modern&#8221; controls_size=&#8221;lg&#8221; active_section=&#8221;1&#8243;][vc_tta_section i_icon_fontawesome=&#8221;fas fa-file-signature&#8221; add_icon=&#8221;true&#8221; title=&#8221;Documentation collection and verification&#8221; tab_id=&#8221;1675703269149-d8706eb2-9792&#8243;][vc_column_text]To sell your property quickly while making a good profit, you need all the documents related to the house and that they are in order.<\/p>\n<p>Sono almeno quattro gli aspetti a cui dovrai prestare attenzione durante questa fase e riguardano:<\/p>\n<ol>\n<li>Conoscere quale sia la documentazione obbligatoria e iniziare a raccoglierla;<\/li>\n<li>Fare un\u2019analisi tecnica di tutti i documenti che hai recuperato e procurarsi quello che manca;<\/li>\n<li>Verificare che tutta la documentazione dell\u2019immobile sia registrata e archiviata presso il catasto;<\/li>\n<li>In caso di ipoteche, fornire tutta la documentazione necessaria per i controlli.<\/li>\n<\/ol>\n<p>I rischi che si corrono, non essendo esperti nel saper gestire queste pratiche burocratiche, potrebbero essere quelli di fare errori e allungare anche di molto i tempi di gestione della compravendita. Infine, nel peggiore dei casi si potrebbe andare incontro all\u2019abbattimento del prezzo dell\u2019immobile a causa di irregolarit\u00e0 nei documenti o a seguito di verifiche tecniche.<\/p>\n<p>Con il supporto del nostro staff tecnico-legale, \u00a0sarai in grado di eliminare tutti questi rischi.<\/p>\n<p>Eviterai le lunghe file agli sportelli degli uffici comunali, le ore passate nelle sale d\u2019attesa, permessi dal lavoro, etc., affidandoti ad alfieri immobiliare, non saranno pi\u00f9 un tuo problema.[\/vc_column_text][\/vc_tta_section][vc_tta_section i_icon_fontawesome=&#8221;fas fa-wallet&#8221; add_icon=&#8221;true&#8221; title=&#8221;Property Valuation&#8221; tab_id=&#8221;1675703269159-c9126a45-46a1&#8243;][vc_column_text]<\/p>\n<ul>\n<li>Survey of the property to be evaluated with meticulous attention to its intrinsic characteristics, paying maximum attention to the square footage, exposure, location, state of maintenance, potential of the property to be renovated and its profitability in the case of an investment.<\/li>\n<li>Attribuzione del <strong>pi\u00f9 probabile prezzo di mercato<\/strong> dell\u2019immobile oggetto della stima in base a dei parametri certi e oggettivi. La nostra ampia banca dati ci fornisce la possibilit\u00e0 di mettere a confronto l\u2019immobile da valutare con degli appartamenti gi\u00e0 compravenduti nella stessa zona di riferimento. Per noi \u00e8 fondamentale fornire dati certi a chi vuole una valutazione di un determinato immobile dando risposte professionali.<\/li>\n<\/ul>\n<p>[\/vc_column_text][\/vc_tta_section][vc_tta_section i_icon_fontawesome=&#8221;fas fa-stamp&#8221; add_icon=&#8221;true&#8221; title=&#8221;Energy Performance Certificate (APE)&#8221; tab_id=&#8221;1675703353194-569985c4-e310&#8243;][vc_column_text]Since January 2012, energy performance indexes &#8220;APE&#8221; (value in kwh\/sqm per year) must be included in real estate ads. A mandatory and indispensable document to be delivered to the buyer in order to finalize a deed of sale.<\/p>\n<p><strong>La nostra agenzia, assieme allo staff di ingegneri, vi supporter\u00e0 nel produrre anche questo documento, senza che voi perdiate ulteriore tempo.<\/strong>[\/vc_column_text][\/vc_tta_section][vc_tta_section i_icon_fontawesome=&#8221;fas fa-home&#8221; add_icon=&#8221;true&#8221; title=&#8221;Leases and Rental Management&#8221; tab_id=&#8221;1675703384741-2c9190d3-3dd2&#8243;][vc_column_text]Our agency is also involved in the management of apartments that we put into income as extra-hotel accommodations. We manage dozens of apartments and villas on the Amalfi Coast. We are also Airbnb Community Leader members for the Amalfi Coast.<\/p>\n<p>Ci occupiamo di redigere tutte le pratiche agli enti preposti per le dovute comunicazioni di legge, ci occupiamo dell\u2019home staging e dello shooting fotografico, della stesura dei contratti, della pubblicazione on line e dell\u2019accoglienza e gestione ospiti durante il soggiorno, forniamo personale e biancheria per le pulizie finali.[\/vc_column_text][\/vc_tta_section][vc_tta_section i_icon_fontawesome=&#8221;fas fa-search-location&#8221; add_icon=&#8221;true&#8221; title=&#8221;Mortgage and land registry searches&#8221; tab_id=&#8221;1675703411825-4e77a39f-465f&#8221;][vc_column_text]Thanks to our software, we are able to perform real-time mortgage and cadastral surveys as well as in-depth personal dossiers on individuals and companies.<\/p>\n<p>Questo ci consente di operare con pi\u00f9 serenit\u00e0 e allo steso tempo di eliminare la possibilit\u00e0 di commettere errori nel perfezionamento di una transazione immobiliare, garantendo sempre i nostri clienti[\/vc_column_text][\/vc_tta_section][vc_tta_section i_icon_fontawesome=&#8221;fas fa-marker&#8221; add_icon=&#8221;true&#8221; title=&#8221;Contract drafting and registration&#8221; tab_id=&#8221;1675703445901-57065cb2-3d30&#8243;][vc_column_text]When embarking on buying and selling negotiations, there is a lot of anxiety about making mistakes in transcribing contracts. If you choose to turn to Alfieri Real Estate to be followed, many perplexities and concerns related to the drafting and registration of contracts can be forgotten. This is because the real estate agent who will take charge of your property will personally handle all the paperwork, supported by our legal counsel.<\/p>\n<p>Una volta raccolti tutti i documenti necessari alla compravendita, si proceder\u00e0 alla trascrizione di un contratto preliminare, dove verranno inseriti tutti i dati relativi all\u2019immobile, compresi il prezzo di vendita, clausole accessorie, etc.<\/p>\n<p>Attraverso la stipula di questo contratto, le due parti (compratore e venditore) si obbligano giuridicamente a rispettare ogni parte del contratto, per questo il mio consiglio \u00e8 quello di prestare molta attenzione e di non prendere alla leggera questo tipo di documento. Una consulenza preventiva col nostro team di legali,\u00a0ti permetter\u00e0 di capire bene cosa andare a inserire nel contratto per essere tutelato al massimo. Questo \u00e8 solo uno dei contratti che si stipulano durante una trattativa di compravendita.<\/p>\n<p>L\u2019aspetto negativo di queste pratiche \u00e8 legato al fatto che esistono varie difficolt\u00e0 o imprevisti che potrebbero verificarsi durante la trattativa. Farsi guidare dal nostro gruppo di professionisti, vuol dire essere consigliati nel miglior modo possibile ed evitare di fare errori.[\/vc_column_text][\/vc_tta_section][vc_tta_section i_icon_fontawesome=&#8221;fas fa-drafting-compass&#8221; add_icon=&#8221;true&#8221; title=&#8221;2D-3D projects and renovations&#8221; tab_id=&#8221;1675703475264-4273da39-b775&#8243;][vc_column_text]Our agency also follows clients who want to invest in the Amalfi Coast, buying properties to renovate and put into income through short rentals (vacation home, etc.). Our staff of architects, will provide you with interior renderings using Rendering and 3D modeling techniques, 3D design, 2D projects, photo retouching, photo insertion. First, the architect, having completed the design phase, exposes the 2D plans which can be paper plates, PDF files, or, in some cases, both formats. Then the design will be presented to the client in the form of 3D models, which will provide the client with a realistic view of the initial idea.[\/vc_column_text][\/vc_tta_section][\/vc_tta_tour][\/vc_column][\/vc_row]<\/p>\n<\/div>","protected":false},"excerpt":{"rendered":"<p>[vc_row][vc_column][vc_column_text] Real estate consulting [\/vc_column_text][\/vc_column][\/vc_row][vc_row][vc_column][vc_tta_tour style=&#8221;modern&#8221; controls_size=&#8221;lg&#8221; active_section=&#8221;1&#8243;][vc_tta_section i_icon_fontawesome=&#8221;fas fa-file-signature&#8221; add_icon=&#8221;true&#8221; title=&#8221;Documentation collection and verification&#8221; tab_id=&#8221;1675703269149-d8706eb2-9792&#8243;][vc_column_text]To sell your property quickly while making a good profit, you need all the documents related to the house and [&hellip;]<\/p>\n","protected":false},"author":1,"featured_media":0,"parent":0,"menu_order":0,"comment_status":"closed","ping_status":"closed","template":"","meta":{"footnotes":""},"class_list":["post-9306","page","type-page","status-publish","hentry"],"yoast_head":"<!-- This site is optimized with the Yoast SEO plugin v27.4 - https:\/\/yoast.com\/product\/yoast-seo-wordpress\/ -->\n<title>Real estate consulting - Alfieri Immobiliare - Amalfi - Real estate &amp; Vacation rentals<\/title>\n<meta name=\"robots\" content=\"index, follow, max-snippet:-1, max-image-preview:large, max-video-preview:-1\" \/>\n<link rel=\"canonical\" href=\"https:\/\/alfieri-immobiliare.com\/en\/real-estate-consulting\/\" \/>\n<meta property=\"og:locale\" content=\"en_US\" \/>\n<meta property=\"og:type\" content=\"article\" \/>\n<meta property=\"og:title\" content=\"Real estate consulting - Alfieri Immobiliare - Amalfi - Real estate &amp; Vacation rentals\" \/>\n<meta property=\"og:description\" content=\"[vc_row][vc_column][vc_column_text] Real estate consulting [\/vc_column_text][\/vc_column][\/vc_row][vc_row][vc_column][vc_tta_tour style=&#8221;modern&#8221; controls_size=&#8221;lg&#8221; active_section=&#8221;1&#8243;][vc_tta_section i_icon_fontawesome=&#8221;fas fa-file-signature&#8221; add_icon=&#8221;true&#8221; title=&#8221;Documentation collection and verification&#8221; tab_id=&#8221;1675703269149-d8706eb2-9792&#8243;][vc_column_text]To sell your property quickly while making a good profit, you need all the documents related to the house and [&hellip;]\" \/>\n<meta property=\"og:url\" content=\"https:\/\/alfieri-immobiliare.com\/en\/real-estate-consulting\/\" \/>\n<meta property=\"og:site_name\" content=\"Alfieri Immobiliare - Amalfi - Real estate &amp; Vacation rentals\" \/>\n<meta name=\"twitter:card\" content=\"summary_large_image\" \/>\n<meta name=\"twitter:label1\" content=\"Est. reading time\" \/>\n\t<meta name=\"twitter:data1\" content=\"5 minutes\" \/>\n<script type=\"application\/ld+json\" class=\"yoast-schema-graph\">{\"@context\":\"https:\\\/\\\/schema.org\",\"@graph\":[{\"@type\":\"WebPage\",\"@id\":\"https:\\\/\\\/alfieri-immobiliare.com\\\/en\\\/real-estate-consulting\\\/\",\"url\":\"https:\\\/\\\/alfieri-immobiliare.com\\\/en\\\/real-estate-consulting\\\/\",\"name\":\"Real estate consulting - Alfieri Immobiliare - Amalfi - Real estate &amp; Vacation rentals\",\"isPartOf\":{\"@id\":\"https:\\\/\\\/alfieri-immobiliare.com\\\/en\\\/#website\"},\"datePublished\":\"2024-03-30T07:32:13+00:00\",\"breadcrumb\":{\"@id\":\"https:\\\/\\\/alfieri-immobiliare.com\\\/en\\\/real-estate-consulting\\\/#breadcrumb\"},\"inLanguage\":\"en-US\",\"potentialAction\":[{\"@type\":\"ReadAction\",\"target\":[\"https:\\\/\\\/alfieri-immobiliare.com\\\/en\\\/real-estate-consulting\\\/\"]}]},{\"@type\":\"BreadcrumbList\",\"@id\":\"https:\\\/\\\/alfieri-immobiliare.com\\\/en\\\/real-estate-consulting\\\/#breadcrumb\",\"itemListElement\":[{\"@type\":\"ListItem\",\"position\":1,\"name\":\"Home\",\"item\":\"https:\\\/\\\/alfieri-immobiliare.com\\\/en\\\/new-home\\\/\"},{\"@type\":\"ListItem\",\"position\":2,\"name\":\"Real estate consulting\"}]},{\"@type\":\"WebSite\",\"@id\":\"https:\\\/\\\/alfieri-immobiliare.com\\\/en\\\/#website\",\"url\":\"https:\\\/\\\/alfieri-immobiliare.com\\\/en\\\/\",\"name\":\"Alfieri Immobiliare - Amalfi - Real estate &amp; Vacation rentals\",\"description\":\"Real estate &amp; Vacation rentals\",\"publisher\":{\"@id\":\"https:\\\/\\\/alfieri-immobiliare.com\\\/en\\\/#organization\"},\"potentialAction\":[{\"@type\":\"SearchAction\",\"target\":{\"@type\":\"EntryPoint\",\"urlTemplate\":\"https:\\\/\\\/alfieri-immobiliare.com\\\/en\\\/?s={search_term_string}\"},\"query-input\":{\"@type\":\"PropertyValueSpecification\",\"valueRequired\":true,\"valueName\":\"search_term_string\"}}],\"inLanguage\":\"en-US\"},{\"@type\":\"Organization\",\"@id\":\"https:\\\/\\\/alfieri-immobiliare.com\\\/en\\\/#organization\",\"name\":\"Alfieri Rooms\",\"url\":\"https:\\\/\\\/alfieri-immobiliare.com\\\/en\\\/\",\"logo\":{\"@type\":\"ImageObject\",\"inLanguage\":\"en-US\",\"@id\":\"https:\\\/\\\/alfieri-immobiliare.com\\\/en\\\/#\\\/schema\\\/logo\\\/image\\\/\",\"url\":\"https:\\\/\\\/alfieri-immobiliare.com\\\/wp-content\\\/uploads\\\/2019\\\/04\\\/alfieri-rooms-logo-white.png\",\"contentUrl\":\"https:\\\/\\\/alfieri-immobiliare.com\\\/wp-content\\\/uploads\\\/2019\\\/04\\\/alfieri-rooms-logo-white.png\",\"width\":128,\"height\":30,\"caption\":\"Alfieri Rooms\"},\"image\":{\"@id\":\"https:\\\/\\\/alfieri-immobiliare.com\\\/en\\\/#\\\/schema\\\/logo\\\/image\\\/\"}}]}<\/script>\n<!-- \/ Yoast SEO plugin. -->","yoast_head_json":{"title":"Real estate consulting - Alfieri Immobiliare - Amalfi - Real estate &amp; Vacation rentals","robots":{"index":"index","follow":"follow","max-snippet":"max-snippet:-1","max-image-preview":"max-image-preview:large","max-video-preview":"max-video-preview:-1"},"canonical":"https:\/\/alfieri-immobiliare.com\/en\/real-estate-consulting\/","og_locale":"en_US","og_type":"article","og_title":"Real estate consulting - Alfieri Immobiliare - Amalfi - Real estate &amp; Vacation rentals","og_description":"[vc_row][vc_column][vc_column_text] Real estate consulting [\/vc_column_text][\/vc_column][\/vc_row][vc_row][vc_column][vc_tta_tour style=&#8221;modern&#8221; controls_size=&#8221;lg&#8221; active_section=&#8221;1&#8243;][vc_tta_section i_icon_fontawesome=&#8221;fas fa-file-signature&#8221; add_icon=&#8221;true&#8221; title=&#8221;Documentation collection and verification&#8221; tab_id=&#8221;1675703269149-d8706eb2-9792&#8243;][vc_column_text]To sell your property quickly while making a good profit, you need all the documents related to the house and [&hellip;]","og_url":"https:\/\/alfieri-immobiliare.com\/en\/real-estate-consulting\/","og_site_name":"Alfieri Immobiliare - Amalfi - Real estate &amp; Vacation rentals","twitter_card":"summary_large_image","twitter_misc":{"Est. reading time":"5 minutes"},"schema":{"@context":"https:\/\/schema.org","@graph":[{"@type":"WebPage","@id":"https:\/\/alfieri-immobiliare.com\/en\/real-estate-consulting\/","url":"https:\/\/alfieri-immobiliare.com\/en\/real-estate-consulting\/","name":"Real estate consulting - Alfieri Immobiliare - Amalfi - Real estate &amp; Vacation rentals","isPartOf":{"@id":"https:\/\/alfieri-immobiliare.com\/en\/#website"},"datePublished":"2024-03-30T07:32:13+00:00","breadcrumb":{"@id":"https:\/\/alfieri-immobiliare.com\/en\/real-estate-consulting\/#breadcrumb"},"inLanguage":"en-US","potentialAction":[{"@type":"ReadAction","target":["https:\/\/alfieri-immobiliare.com\/en\/real-estate-consulting\/"]}]},{"@type":"BreadcrumbList","@id":"https:\/\/alfieri-immobiliare.com\/en\/real-estate-consulting\/#breadcrumb","itemListElement":[{"@type":"ListItem","position":1,"name":"Home","item":"https:\/\/alfieri-immobiliare.com\/en\/new-home\/"},{"@type":"ListItem","position":2,"name":"Real estate consulting"}]},{"@type":"WebSite","@id":"https:\/\/alfieri-immobiliare.com\/en\/#website","url":"https:\/\/alfieri-immobiliare.com\/en\/","name":"Alfieri Immobiliare - Amalfi - Real estate &amp; Vacation rentals","description":"Real estate &amp; Vacation rentals","publisher":{"@id":"https:\/\/alfieri-immobiliare.com\/en\/#organization"},"potentialAction":[{"@type":"SearchAction","target":{"@type":"EntryPoint","urlTemplate":"https:\/\/alfieri-immobiliare.com\/en\/?s={search_term_string}"},"query-input":{"@type":"PropertyValueSpecification","valueRequired":true,"valueName":"search_term_string"}}],"inLanguage":"en-US"},{"@type":"Organization","@id":"https:\/\/alfieri-immobiliare.com\/en\/#organization","name":"Alfieri Rooms","url":"https:\/\/alfieri-immobiliare.com\/en\/","logo":{"@type":"ImageObject","inLanguage":"en-US","@id":"https:\/\/alfieri-immobiliare.com\/en\/#\/schema\/logo\/image\/","url":"https:\/\/alfieri-immobiliare.com\/wp-content\/uploads\/2019\/04\/alfieri-rooms-logo-white.png","contentUrl":"https:\/\/alfieri-immobiliare.com\/wp-content\/uploads\/2019\/04\/alfieri-rooms-logo-white.png","width":128,"height":30,"caption":"Alfieri Rooms"},"image":{"@id":"https:\/\/alfieri-immobiliare.com\/en\/#\/schema\/logo\/image\/"}}]}},"_links":{"self":[{"href":"https:\/\/alfieri-immobiliare.com\/en\/wp-json\/wp\/v2\/pages\/9306","targetHints":{"allow":["GET"]}}],"collection":[{"href":"https:\/\/alfieri-immobiliare.com\/en\/wp-json\/wp\/v2\/pages"}],"about":[{"href":"https:\/\/alfieri-immobiliare.com\/en\/wp-json\/wp\/v2\/types\/page"}],"author":[{"embeddable":true,"href":"https:\/\/alfieri-immobiliare.com\/en\/wp-json\/wp\/v2\/users\/1"}],"replies":[{"embeddable":true,"href":"https:\/\/alfieri-immobiliare.com\/en\/wp-json\/wp\/v2\/comments?post=9306"}],"version-history":[{"count":2,"href":"https:\/\/alfieri-immobiliare.com\/en\/wp-json\/wp\/v2\/pages\/9306\/revisions"}],"predecessor-version":[{"id":9308,"href":"https:\/\/alfieri-immobiliare.com\/en\/wp-json\/wp\/v2\/pages\/9306\/revisions\/9308"}],"wp:attachment":[{"href":"https:\/\/alfieri-immobiliare.com\/en\/wp-json\/wp\/v2\/media?parent=9306"}],"curies":[{"name":"wp","href":"https:\/\/api.w.org\/{rel}","templated":true}]}}